{"id":1555,"date":"2018-02-10T12:20:12","date_gmt":"2018-02-10T11:20:12","guid":{"rendered":"https:\/\/casapauline.com\/moraira-und-umgebung\/"},"modified":"2018-02-10T12:20:13","modified_gmt":"2018-02-10T11:20:13","slug":"moraira-und-umgebung","status":"publish","type":"page","link":"https:\/\/casapauline.com\/de\/moraira-und-umgebung\/","title":{"rendered":"Moraira und Umgebung"},"content":{"rendered":"[et_pb_section bb_built=&#8221;1&#8243; fullwidth=&#8221;on&#8221; specialty=&#8221;off&#8221; _builder_version=&#8221;3.0.95&#8243;][et_pb_fullwidth_header _builder_version=&#8221;3.0.95&#8243; background_image=&#8221;https:\/\/casapauline.com\/wp-content\/uploads\/2018\/01\/casapauline-47-1.jpg&#8221; text_orientation=&#8221;left&#8221; header_fullscreen=&#8221;off&#8221; header_scroll_down=&#8221;off&#8221; image_orientation=&#8221;center&#8221; background_layout=&#8221;light&#8221; content_orientation=&#8221;center&#8221; custom_button_two=&#8221;off&#8221; button_two_icon_placement=&#8221;right&#8221; custom_button_one=&#8221;off&#8221; button_one_icon_placement=&#8221;right&#8221; custom_css_main_element=&#8221;height: 400px;&#8221; \/][\/et_pb_section][et_pb_section bb_built=&#8221;1&#8243;][et_pb_row][et_pb_column type=&#8221;4_4&#8243;][et_pb_text _builder_version=&#8221;3.0.95&#8243; background_layout=&#8221;light&#8221;]\n<h1>Moraira und Umgebung<\/h1>\n[\/et_pb_text][\/et_pb_column][\/et_pb_row][et_pb_row][et_pb_column type=&#8221;1_3&#8243;][et_pb_text _builder_version=&#8221;3.0.95&#8243; background_layout=&#8221;light&#8221;]\n<p>Casa Pauline liegt wenige Gehminuten vom Meer, Sandstr\u00e4nden, Buchten und dem Zentrum von Moraira entfernt. Neben der F\u00fclle der vielen  Wassersportm\u00f6glichkeiten in der Umgebung k\u00f6nnen sie auch Wanderwege, Golfpl\u00e4tze und Tennispl\u00e4tze genie\u00dfen. <\/p>\n<p>Besuchen Sie unbedingt einen spanischen Wochenmarkt.<\/p>\n<p>Hier finden Sie eine riesige Auswahl an frischem Obst und Gem\u00fcse. Auch Kleidung, Schuhe, Handtaschen ,Souvenirs  allerlei  Krimskram, und vieles mehr. Kurz gesagt, superlustige sonnige Sachen, die das Leben an der Costa Blanca so angenehm machen.<br \/>\nEinen Tag und keine Lust an den Strand zu gehen?<\/p>\n<p>Die Liebhaber von Bergen, T\u00e4lern, Stadtparks, malerischen D\u00f6rfern und historischen St\u00e4dten werden im Innenland ihre helle Freude haben.<\/p>\n[\/et_pb_text][\/et_pb_column][et_pb_column type=&#8221;2_3&#8243;][et_pb_code _builder_version=&#8221;3.0.95&#8243;][\/et_pb_code][\/et_pb_column][\/et_pb_row][\/et_pb_section]\n","protected":false},"excerpt":{"rendered":"<p>Casa Pauline liegt wenige Gehminuten vom Meer, Sandstr\u00e4nden, Buchten und dem Zentrum von Moraira entfernt. <\/p>\n","protected":false},"author":1,"featured_media":1113,"parent":0,"menu_order":51,"comment_status":"closed","ping_status":"closed","template":"","meta":{"_et_pb_use_builder":"on","_et_pb_old_content":"","_et_gb_content_width":"","jetpack_post_was_ever_published":false,"footnotes":""},"class_list":["post-1555","page","type-page","status-publish","has-post-thumbnail","hentry"],"jetpack_shortlink":"https:\/\/wp.me\/P9zaNS-p5","jetpack_sharing_enabled":true,"_links":{"self":[{"href":"https:\/\/casapauline.com\/de\/wp-json\/wp\/v2\/pages\/1555","targetHints":{"allow":["GET"]}}],"collection":[{"href":"https:\/\/casapauline.com\/de\/wp-json\/wp\/v2\/pages"}],"about":[{"href":"https:\/\/casapauline.com\/de\/wp-json\/wp\/v2\/types\/page"}],"author":[{"embeddable":true,"href":"https:\/\/casapauline.com\/de\/wp-json\/wp\/v2\/users\/1"}],"replies":[{"embeddable":true,"href":"https:\/\/casapauline.com\/de\/wp-json\/wp\/v2\/comments?post=1555"}],"version-history":[{"count":2,"href":"https:\/\/casapauline.com\/de\/wp-json\/wp\/v2\/pages\/1555\/revisions"}],"predecessor-version":[{"id":1557,"href":"https:\/\/casapauline.com\/de\/wp-json\/wp\/v2\/pages\/1555\/revisions\/1557"}],"wp:featuredmedia":[{"embeddable":true,"href":"https:\/\/casapauline.com\/de\/wp-json\/wp\/v2\/media\/1113"}],"wp:attachment":[{"href":"https:\/\/casapauline.com\/de\/wp-json\/wp\/v2\/media?parent=1555"}],"curies":[{"name":"wp","href":"https:\/\/api.w.org\/{rel}","templated":true}]}}