{"id":1609,"date":"2018-03-08T10:10:36","date_gmt":"2018-03-08T09:10:36","guid":{"rendered":"https:\/\/casapauline.com\/el-jardin\/"},"modified":"2018-03-08T10:10:36","modified_gmt":"2018-03-08T09:10:36","slug":"el-jardin","status":"publish","type":"page","link":"https:\/\/casapauline.com\/es\/el-jardin\/","title":{"rendered":"El Jard\u00edn"},"content":{"rendered":"[et_pb_section bb_built=&#8221;1&#8243; fullwidth=&#8221;on&#8221; specialty=&#8221;off&#8221; _builder_version=&#8221;3.0.95&#8243;][et_pb_fullwidth_header _builder_version=&#8221;3.0.95&#8243; background_image=&#8221;https:\/\/casapauline.com\/wp-content\/uploads\/2017\/11\/casapauline28.jpg&#8221; text_orientation=&#8221;left&#8221; header_fullscreen=&#8221;off&#8221; header_scroll_down=&#8221;off&#8221; image_orientation=&#8221;center&#8221; background_layout=&#8221;light&#8221; content_orientation=&#8221;center&#8221; custom_button_two=&#8221;off&#8221; button_two_icon_placement=&#8221;right&#8221; custom_button_one=&#8221;off&#8221; button_one_icon_placement=&#8221;right&#8221; custom_css_main_element=&#8221;height: 400px;&#8221; \/][\/et_pb_section][et_pb_section bb_built=&#8221;1&#8243;][et_pb_row][et_pb_column type=&#8221;4_4&#8243;][et_pb_text admin_label=&#8221;De Tuin en Wintertuin&#8221; _builder_version=&#8221;3.0.95&#8243; background_layout=&#8221;light&#8221;]\n<h1>El Jard\u00edn<\/h1>\n[\/et_pb_text][\/et_pb_column][\/et_pb_row][et_pb_row][et_pb_column type=&#8221;1_3&#8243;][et_pb_text _builder_version=&#8221;3.0.96&#8243; background_layout=&#8221;light&#8221; module_alignment=&#8221;left&#8221;]\n<p>El jard\u00edn es todo el a\u00f1o un lugar perfecto para pasar tiempo, jugar al ajedrez en un tablero gigante. En los meses m\u00e1s calorosas se sirve el desayuno en el jard\u00edn y el resto del a\u00f1o en el Jard\u00edn de Invierno. <\/p>\n<p>El desayuno est\u00e1 compuesto por platos fr\u00edos, zumo de naranja natural, frutas naturales, embutidos, pan y dulces caseros. Por la tarde tiene aqui un punto de encuentro para tomar un caf\u00e9 \u00f3 un apirativo antes de irse a Moraira para cenar en uno de los restaurantes acogedores.<\/p>\n[\/et_pb_text][\/et_pb_column][et_pb_column type=&#8221;2_3&#8243;][et_pb_image _builder_version=&#8221;3.0.95&#8243; src=&#8221;https:\/\/casapauline.com\/wp-content\/uploads\/2017\/11\/casapauline35.jpg&#8221; show_in_lightbox=&#8221;on&#8221; url_new_window=&#8221;off&#8221; use_overlay=&#8221;off&#8221; always_center_on_mobile=&#8221;on&#8221; force_fullwidth=&#8221;off&#8221; show_bottom_space=&#8221;on&#8221; \/][\/et_pb_column][\/et_pb_row][et_pb_row][et_pb_column type=&#8221;1_3&#8243;][et_pb_image _builder_version=&#8221;3.0.96&#8243; src=&#8221;https:\/\/casapauline.com\/wp-content\/uploads\/2018\/01\/WhatsApp-Image-2018-01-18-at-11.04.20.jpeg&#8221; show_in_lightbox=&#8221;on&#8221; url_new_window=&#8221;off&#8221; use_overlay=&#8221;off&#8221; always_center_on_mobile=&#8221;on&#8221; force_fullwidth=&#8221;off&#8221; show_bottom_space=&#8221;on&#8221; \/][\/et_pb_column][et_pb_column type=&#8221;1_3&#8243;][et_pb_image _builder_version=&#8221;3.0.96&#8243; src=&#8221;https:\/\/casapauline.com\/wp-content\/uploads\/2018\/01\/wintertuin.jpg&#8221; show_in_lightbox=&#8221;on&#8221; url_new_window=&#8221;off&#8221; use_overlay=&#8221;off&#8221; always_center_on_mobile=&#8221;on&#8221; force_fullwidth=&#8221;off&#8221; show_bottom_space=&#8221;on&#8221; \/][\/et_pb_column][et_pb_column type=&#8221;1_3&#8243;][et_pb_image _builder_version=&#8221;3.0.96&#8243; src=&#8221;https:\/\/casapauline.com\/wp-content\/uploads\/2018\/01\/WhatsApp-Image-2018-01-18-at-11.03.21.jpeg&#8221; show_in_lightbox=&#8221;on&#8221; url_new_window=&#8221;off&#8221; use_overlay=&#8221;off&#8221; always_center_on_mobile=&#8221;on&#8221; force_fullwidth=&#8221;off&#8221; show_bottom_space=&#8221;on&#8221; \/][\/et_pb_column][\/et_pb_row][et_pb_row][et_pb_column type=&#8221;4_4&#8243;][et_pb_code _builder_version=&#8221;3.0.95&#8243;]<div id=\"metaslider-id-847\" style=\"width: 100%; margin: 0 auto;\" class=\"ml-slider-3-107-0 metaslider metaslider-nivo metaslider-847 ml-slider ml-slider-lightbox-2-22-0 lightbox-disabled ms-theme-nivo-light\" role=\"region\" aria-label=\"Tuin\" data-height=\"320\" data-width=\"500\">\n    <div id=\"metaslider_container_847\">\n        <div class='slider-wrapper theme-default'><div class='ribbon'><\/div><div id='metaslider_847' class='nivoSlider'><img loading=\"lazy\" decoding=\"async\" src=\"https:\/\/casapauline.com\/wp-content\/uploads\/2017\/11\/casapauline44-500x320.jpg\" height=\"320\" width=\"500\" alt=\"\" class=\"slider-847 slide-860 msDefaultImage\" \/><img loading=\"lazy\" decoding=\"async\" src=\"https:\/\/casapauline.com\/wp-content\/uploads\/2017\/11\/casapauline07-500x320.jpg\" height=\"320\" width=\"500\" alt=\"\" class=\"slider-847 slide-861 msDefaultImage\" \/><img loading=\"lazy\" decoding=\"async\" src=\"https:\/\/casapauline.com\/wp-content\/uploads\/2018\/01\/casapauline-40-1-500x320.jpg\" height=\"320\" width=\"500\" alt=\"\" class=\"slider-847 slide-1156 msDefaultImage\" \/><img loading=\"lazy\" decoding=\"async\" src=\"https:\/\/casapauline.com\/wp-content\/uploads\/2018\/01\/casapauline-41-1-500x320.jpg\" height=\"320\" width=\"500\" alt=\"\" class=\"slider-847 slide-1157 msDefaultImage\" \/><img loading=\"lazy\" decoding=\"async\" src=\"https:\/\/casapauline.com\/wp-content\/uploads\/2018\/01\/casapauline-43-1-500x320.jpg\" height=\"320\" width=\"500\" alt=\"\" class=\"slider-847 slide-1159 msDefaultImage\" \/><img loading=\"lazy\" decoding=\"async\" src=\"https:\/\/casapauline.com\/wp-content\/uploads\/2018\/01\/casapauline-44-1-500x320.jpg\" height=\"320\" width=\"500\" alt=\"\" class=\"slider-847 slide-1160 msDefaultImage\" \/><img loading=\"lazy\" decoding=\"async\" src=\"https:\/\/casapauline.com\/wp-content\/uploads\/2018\/01\/casapauline-22-1-500x320.jpg\" height=\"320\" width=\"500\" alt=\"\" class=\"slider-847 slide-1166 msDefaultImage\" \/><img loading=\"lazy\" decoding=\"async\" src=\"https:\/\/casapauline.com\/wp-content\/uploads\/2018\/01\/casapauline-17-1-500x320.jpg\" height=\"320\" width=\"500\" alt=\"\" class=\"slider-847 slide-1168 msDefaultImage\" \/><img loading=\"lazy\" decoding=\"async\" src=\"https:\/\/casapauline.com\/wp-content\/uploads\/2018\/01\/MG_2579-Kopie-500x320.jpg\" height=\"320\" width=\"500\" alt=\"\" class=\"slider-847 slide-1170 msDefaultImage\" \/><img loading=\"lazy\" decoding=\"async\" src=\"https:\/\/casapauline.com\/wp-content\/uploads\/2018\/01\/MG_2581-Kopie-500x320.jpg\" height=\"320\" width=\"500\" alt=\"\" class=\"slider-847 slide-1171 msDefaultImage\" \/><img loading=\"lazy\" decoding=\"async\" src=\"https:\/\/casapauline.com\/wp-content\/uploads\/2018\/01\/MG_2606-Kopie-500x320.jpg\" height=\"320\" width=\"500\" alt=\"\" class=\"slider-847 slide-1172 msDefaultImage\" \/><img loading=\"lazy\" decoding=\"async\" src=\"https:\/\/casapauline.com\/wp-content\/uploads\/2018\/01\/MG_2617-Kopie-500x320.jpg\" height=\"320\" width=\"500\" alt=\"\" class=\"slider-847 slide-1177 msDefaultImage\" \/><img loading=\"lazy\" decoding=\"async\" src=\"https:\/\/casapauline.com\/wp-content\/uploads\/2017\/11\/casapauline20-500x320.jpg\" height=\"320\" width=\"500\" alt=\"\" class=\"slider-847 slide-1181 msDefaultImage\" \/><\/div><\/div>\n        \n    <\/div>\n<\/div>[\/et_pb_code][\/et_pb_column][\/et_pb_row][\/et_pb_section]\n","protected":false},"excerpt":{"rendered":"<p>El jard\u00edn es todo el a\u00f1o un lugar perfecto para pasar tiempo, jugar al ajedrez en un tablero gigante. <\/p>\n","protected":false},"author":1,"featured_media":268,"parent":0,"menu_order":30,"comment_status":"closed","ping_status":"closed","template":"","meta":{"_et_pb_use_builder":"on","_et_pb_old_content":"","_et_gb_content_width":"","jetpack_post_was_ever_published":false,"footnotes":""},"class_list":["post-1609","page","type-page","status-publish","has-post-thumbnail","hentry"],"jetpack_shortlink":"https:\/\/wp.me\/P9zaNS-pX","jetpack_sharing_enabled":true,"_links":{"self":[{"href":"https:\/\/casapauline.com\/es\/wp-json\/wp\/v2\/pages\/1609","targetHints":{"allow":["GET"]}}],"collection":[{"href":"https:\/\/casapauline.com\/es\/wp-json\/wp\/v2\/pages"}],"about":[{"href":"https:\/\/casapauline.com\/es\/wp-json\/wp\/v2\/types\/page"}],"author":[{"embeddable":true,"href":"https:\/\/casapauline.com\/es\/wp-json\/wp\/v2\/users\/1"}],"replies":[{"embeddable":true,"href":"https:\/\/casapauline.com\/es\/wp-json\/wp\/v2\/comments?post=1609"}],"version-history":[{"count":3,"href":"https:\/\/casapauline.com\/es\/wp-json\/wp\/v2\/pages\/1609\/revisions"}],"predecessor-version":[{"id":1613,"href":"https:\/\/casapauline.com\/es\/wp-json\/wp\/v2\/pages\/1609\/revisions\/1613"}],"wp:featuredmedia":[{"embeddable":true,"href":"https:\/\/casapauline.com\/es\/wp-json\/wp\/v2\/media\/268"}],"wp:attachment":[{"href":"https:\/\/casapauline.com\/es\/wp-json\/wp\/v2\/media?parent=1609"}],"curies":[{"name":"wp","href":"https:\/\/api.w.org\/{rel}","templated":true}]}}