{"id":1614,"date":"2018-03-08T10:38:02","date_gmt":"2018-03-08T09:38:02","guid":{"rendered":"https:\/\/casapauline.com\/habitaciones\/junior-suites\/"},"modified":"2023-10-28T14:41:06","modified_gmt":"2023-10-28T12:41:06","slug":"junior-suites","status":"publish","type":"page","link":"https:\/\/casapauline.com\/es\/habitaciones\/junior-suites\/","title":{"rendered":"Junior Suites"},"content":{"rendered":"[et_pb_section bb_built=&#8221;1&#8243; fullwidth=&#8221;on&#8221; _builder_version=&#8221;4.16&#8243; global_colors_info=&#8221;{}&#8221; next_background_color=&#8221;#000000&#8243;][et_pb_fullwidth_header _builder_version=&#8221;4.16&#8243; background_color=&#8221;rgba(255, 255, 255, 0)&#8221; background_image=&#8221;https:\/\/casapauline.com\/wp-content\/uploads\/2018\/01\/casapauline-app-2.jpg&#8221; background_layout=&#8221;light&#8221; custom_css_main_element=&#8221;height: 400px;&#8221; global_colors_info=&#8221;{}&#8221; button_one_text_size__hover_enabled=&#8221;off&#8221; button_two_text_size__hover_enabled=&#8221;off&#8221; button_one_text_color__hover_enabled=&#8221;off&#8221; button_two_text_color__hover_enabled=&#8221;off&#8221; button_one_border_width__hover_enabled=&#8221;off&#8221; button_two_border_width__hover_enabled=&#8221;off&#8221; button_one_border_color__hover_enabled=&#8221;off&#8221; button_two_border_color__hover_enabled=&#8221;off&#8221; button_one_border_radius__hover_enabled=&#8221;off&#8221; button_two_border_radius__hover_enabled=&#8221;off&#8221; button_one_letter_spacing__hover_enabled=&#8221;off&#8221; button_two_letter_spacing__hover_enabled=&#8221;off&#8221; button_one_bg_color__hover_enabled=&#8221;off&#8221; button_two_bg_color__hover_enabled=&#8221;off&#8221;]\n[\/et_pb_fullwidth_header][\/et_pb_section][et_pb_section bb_built=&#8221;1&#8243; _builder_version=&#8221;4.16&#8243; global_colors_info=&#8221;{}&#8221; prev_background_color=&#8221;#000000&#8243; next_background_color=&#8221;#000000&#8243;][et_pb_row _builder_version=&#8221;4.16&#8243; background_size=&#8221;initial&#8221; background_position=&#8221;top_left&#8221; background_repeat=&#8221;repeat&#8221; global_colors_info=&#8221;{}&#8221;][et_pb_column type=&#8221;4_4&#8243; _builder_version=&#8221;4.16&#8243; custom_padding=&#8221;|||&#8221; global_colors_info=&#8221;{}&#8221; custom_padding__hover=&#8221;|||&#8221;][et_pb_text admin_label=&#8221;Junior suites&#8221; _builder_version=&#8221;4.16&#8243; global_colors_info=&#8221;{}&#8221;]\n<h1>Junior Suites<\/h1>\n[\/et_pb_text][\/et_pb_column][\/et_pb_row][et_pb_row make_equal=&#8221;on&#8221; _builder_version=&#8221;4.16&#8243; global_colors_info=&#8221;{}&#8221; column_structure=&#8221;1_3,2_3&#8243;][et_pb_column type=&#8221;1_3&#8243; _builder_version=&#8221;4.16&#8243; custom_padding=&#8221;|||&#8221; global_colors_info=&#8221;{}&#8221; custom_padding__hover=&#8221;|||&#8221;][et_pb_text _builder_version=&#8221;4.16&#8243; global_colors_info=&#8221;{}&#8221;]\n<p>Los junior suites en la segunda planta con una vista mar incre\u00edble, disponen de una cama matrimonio de 1.60 por 2.00 m y dos camas de 80 por 180 para ni\u00f1os. La amplia cocina tiene un placa con tres fuegos, frigorifico con congelador y microndas. El ba\u00f1o tiene una amplia ducha con grifo termost\u00e1tico.<\/p>\n<p>Los junior suites son ideales para familias con uno o dos ni\u00f1os \u00f2 para los huespedes quien prefieren un poco m\u00e1s de espacio.<\/p>\n[\/et_pb_text][\/et_pb_column][et_pb_column type=&#8221;2_3&#8243; _builder_version=&#8221;4.16&#8243; custom_padding=&#8221;|||&#8221; global_colors_info=&#8221;{}&#8221; custom_padding__hover=&#8221;|||&#8221;][et_pb_code admin_label=&#8221;Code slider&#8221; _builder_version=&#8221;4.16.0&#8243; hover_enabled=&#8221;0&#8243; global_colors_info=&#8221;{}&#8221; sticky_enabled=&#8221;0&#8243;]<div id=\"metaslider-id-488\" style=\"width: 100%; margin: 0 auto;\" class=\"ml-slider-3-107-0 metaslider metaslider-flex metaslider-488 ml-slider has-dots-nav ml-slider-lightbox-2-22-0 lightbox-disabled ms-theme-default\" role=\"region\" aria-label=\"Appartement\" data-height=\"320\" data-width=\"500\">\n    <div id=\"metaslider_container_488\">\n        <div id=\"metaslider_488\">\n            <ul class='slides'>\n                <li style=\"display: block; width: 100%;\" class=\"slide-489 ms-image \" aria-roledescription=\"slide\" data-date=\"2018-01-08 17:59:31\" data-filename=\"casapauline-app-2-500x320.jpg\" data-slide-type=\"image\"><img loading=\"lazy\" decoding=\"async\" src=\"https:\/\/casapauline.com\/wp-content\/uploads\/2018\/01\/casapauline-app-2-500x320.jpg\" height=\"320\" width=\"500\" alt=\"\" class=\"slider-488 slide-489 msDefaultImage\" \/><\/li>\n                <li style=\"display: none; width: 100%;\" class=\"slide-491 ms-image \" aria-roledescription=\"slide\" data-date=\"2018-01-08 17:59:47\" data-filename=\"casapauline-app-4-500x320.jpg\" data-slide-type=\"image\"><img loading=\"lazy\" decoding=\"async\" src=\"https:\/\/casapauline.com\/wp-content\/uploads\/2018\/01\/casapauline-app-4-500x320.jpg\" height=\"320\" width=\"500\" alt=\"\" class=\"slider-488 slide-491 msDefaultImage\" \/><\/li>\n                <li style=\"display: none; width: 100%;\" class=\"slide-492 ms-image \" aria-roledescription=\"slide\" data-date=\"2018-01-08 17:59:53\" data-filename=\"casapauline-app-5-500x320.jpg\" data-slide-type=\"image\"><img loading=\"lazy\" decoding=\"async\" src=\"https:\/\/casapauline.com\/wp-content\/uploads\/2018\/01\/casapauline-app-5-500x320.jpg\" height=\"320\" width=\"500\" alt=\"\" class=\"slider-488 slide-492 msDefaultImage\" \/><\/li>\n                <li style=\"display: none; width: 100%;\" class=\"slide-493 ms-image \" aria-roledescription=\"slide\" data-date=\"2018-01-08 17:59:57\" data-filename=\"casapauline-app-7-500x320.jpg\" data-slide-type=\"image\"><img loading=\"lazy\" decoding=\"async\" src=\"https:\/\/casapauline.com\/wp-content\/uploads\/2018\/01\/casapauline-app-7-500x320.jpg\" height=\"320\" width=\"500\" alt=\"\" class=\"slider-488 slide-493 msDefaultImage\" \/><\/li>\n                <li style=\"display: none; width: 100%;\" class=\"slide-494 ms-image \" aria-roledescription=\"slide\" data-date=\"2018-01-08 18:00:01\" data-filename=\"casapauline-app-8-500x320.jpg\" data-slide-type=\"image\"><img loading=\"lazy\" decoding=\"async\" src=\"https:\/\/casapauline.com\/wp-content\/uploads\/2018\/01\/casapauline-app-8-500x320.jpg\" height=\"320\" width=\"500\" alt=\"\" class=\"slider-488 slide-494 msDefaultImage\" \/><\/li>\n                <li style=\"display: none; width: 100%;\" class=\"slide-495 ms-image \" aria-roledescription=\"slide\" data-date=\"2018-01-08 18:00:04\" data-filename=\"casapauline-app-1-500x320.jpg\" data-slide-type=\"image\"><img loading=\"lazy\" decoding=\"async\" src=\"https:\/\/casapauline.com\/wp-content\/uploads\/2018\/01\/casapauline-app-1-500x320.jpg\" height=\"320\" width=\"500\" alt=\"\" class=\"slider-488 slide-495 msDefaultImage\" \/><\/li>\n            <\/ul>\n        <\/div>\n        \n    <\/div>\n<\/div>[\/et_pb_code][\/et_pb_column][\/et_pb_row][\/et_pb_section][et_pb_section bb_built=&#8221;1&#8243; _builder_version=&#8221;4.16&#8243; global_colors_info=&#8221;{}&#8221; prev_background_color=&#8221;#000000&#8243; next_background_color=&#8221;rgba(0,106,50,0.1)&#8221;][et_pb_row _builder_version=&#8221;4.16&#8243; background_size=&#8221;initial&#8221; background_position=&#8221;top_left&#8221; background_repeat=&#8221;repeat&#8221; global_colors_info=&#8221;{}&#8221;][et_pb_column type=&#8221;4_4&#8243; _builder_version=&#8221;4.16&#8243; custom_padding=&#8221;|||&#8221; global_colors_info=&#8221;{}&#8221; custom_padding__hover=&#8221;|||&#8221;][et_pb_text admin_label=&#8221;Code prijzen&#8221; _builder_version=&#8221;4.16&#8243; global_colors_info=&#8221;{}&#8221;]\n<h2 id=\"tablepress-3-name\" class=\"tablepress-table-name tablepress-table-name-id-3\">Junior Suite<\/h2>\n\n<table id=\"tablepress-3\" class=\"tablepress tablepress-id-3 tablepress-responsive\" aria-labelledby=\"tablepress-3-name\" aria-describedby=\"tablepress-3-description\">\n<thead>\n<tr class=\"row-1\">\n\t<th class=\"column-1\">period<\/th><th class=\"column-2\">booking<\/th><th class=\"column-3\">2 persons<\/th><th class=\"column-4\">1 child*<\/th><th class=\"column-5\">2 children*<\/th>\n<\/tr>\n<\/thead>\n<tbody class=\"row-striping row-hover\">\n<tr class=\"row-2\">\n\t<td class=\"column-1\">1\/1-12\/7 &amp; 12\/9-31\/12<\/td><td class=\"column-2\">per day<\/td><td class=\"column-3\">\u20ac 88,00<\/td><td class=\"column-4\">\u20ac 99,00<\/td><td class=\"column-5\">\u20ac 110,00<\/td>\n<\/tr>\n<tr class=\"row-3\">\n\t<td class=\"column-1\">1\/1-12\/7 &amp; 12\/9-31\/12<\/td><td class=\"column-2\">7 days +<\/td><td class=\"column-3\">\u20ac 80,00<\/td><td class=\"column-4\">\u20ac 91,00<\/td><td class=\"column-5\">\u20ac 102,00<\/td>\n<\/tr>\n<tr class=\"row-4\">\n\t<td class=\"column-1\">12\/7-12\/9<\/td><td class=\"column-2\">per day<\/td><td class=\"column-3\">\u20ac 99,00<\/td><td class=\"column-4\">\u20ac 110,00<\/td><td class=\"column-5\">\u20ac 121,00<\/td>\n<\/tr>\n<tr class=\"row-5\">\n\t<td class=\"column-1\">12\/7-12\/9<\/td><td class=\"column-2\">7 days +<\/td><td class=\"column-3\">\u20ac 92,00<\/td><td class=\"column-4\">\u20ac 103,00<\/td><td class=\"column-5\">\u20ac 114,00<\/td>\n<\/tr>\n<\/tbody>\n<\/table>\n<span id=\"tablepress-3-description\" class=\"tablepress-table-description tablepress-table-description-id-3\">*children not older than two years are free of charge<\/span>\n<!-- #tablepress-3 from cache -->\n[\/et_pb_text][\/et_pb_column][\/et_pb_row][\/et_pb_section][et_pb_section bb_built=&#8221;1&#8243; _builder_version=&#8221;4.16&#8243; background_color=&#8221;rgba(0,106,50,0.1)&#8221; global_colors_info=&#8221;{}&#8221; prev_background_color=&#8221;#ffffff&#8221;][et_pb_row _builder_version=&#8221;4.16&#8243; background_size=&#8221;initial&#8221; background_position=&#8221;top_left&#8221; background_repeat=&#8221;repeat&#8221; global_colors_info=&#8221;{}&#8221;][et_pb_column type=&#8221;4_4&#8243; _builder_version=&#8221;4.16&#8243; custom_padding=&#8221;|||&#8221; global_colors_info=&#8221;{}&#8221; custom_padding__hover=&#8221;|||&#8221;][et_pb_text admin_label=&#8221;Specificaties&#8221; _builder_version=&#8221;4.16&#8243; global_colors_info=&#8221;{}&#8221;]\n<h2>Especificaciones:<\/h2>\n[\/et_pb_text][\/et_pb_column][\/et_pb_row][et_pb_row _builder_version=&#8221;4.16&#8243; background_size=&#8221;initial&#8221; background_position=&#8221;top_left&#8221; background_repeat=&#8221;repeat&#8221; global_colors_info=&#8221;{}&#8221; column_structure=&#8221;1_4,1_4,1_4,1_4&#8243;][et_pb_column type=&#8221;1_4&#8243; _builder_version=&#8221;4.16&#8243; custom_padding=&#8221;|||&#8221; global_colors_info=&#8221;{}&#8221; custom_padding__hover=&#8221;|||&#8221;][et_pb_blurb admin_label=&#8221;personen&#8221; use_icon=&#8221;on&#8221; font_icon=&#8221;&#x34;||divi||400&#8243; icon_placement=&#8221;left&#8221; module_class=&#8221;fab fab-personen&#8221; _builder_version=&#8221;4.16&#8243; icon_font_size=&#8221;0&#8243; use_circle=&#8221;off&#8221; use_circle_border=&#8221;off&#8221; global_colors_info=&#8221;{}&#8221;]\n<p>2-4 personas<\/p>\n[\/et_pb_blurb][\/et_pb_column][et_pb_column type=&#8221;1_4&#8243; _builder_version=&#8221;4.16&#8243; custom_padding=&#8221;|||&#8221; global_colors_info=&#8221;{}&#8221; custom_padding__hover=&#8221;|||&#8221;][et_pb_blurb admin_label=&#8221;Oppervlakte&#8221; use_icon=&#8221;on&#8221; font_icon=&#8221;&#x34;||divi||400&#8243; icon_placement=&#8221;left&#8221; module_class=&#8221;fab fab-oppervlakte&#8221; _builder_version=&#8221;4.16&#8243; icon_font_size=&#8221;0&#8243; use_circle=&#8221;off&#8221; use_circle_border=&#8221;off&#8221; global_colors_info=&#8221;{}&#8221;]\n<p>Superficie: 36,50 m <sup>2<\/sup><\/p>\n[\/et_pb_blurb][\/et_pb_column][et_pb_column type=&#8221;1_4&#8243; _builder_version=&#8221;4.16&#8243; custom_padding=&#8221;|||&#8221; global_colors_info=&#8221;{}&#8221; custom_padding__hover=&#8221;|||&#8221;][et_pb_blurb admin_label=&#8221;Douche en toilet&#8221; use_icon=&#8221;on&#8221; font_icon=&#8221;&#x34;||divi||400&#8243; icon_placement=&#8221;left&#8221; module_class=&#8221;fab fab-douche&#8221; _builder_version=&#8221;4.16&#8243; icon_font_size=&#8221;0&#8243; use_circle=&#8221;off&#8221; use_circle_border=&#8221;off&#8221; saved_tabs=&#8221;all&#8221; global_colors_info=&#8221;{}&#8221;]\n<p>Cabina de ducha e inodoro<\/p>\n[\/et_pb_blurb][\/et_pb_column][et_pb_column type=&#8221;1_4&#8243; _builder_version=&#8221;4.16&#8243; custom_padding=&#8221;|||&#8221; global_colors_info=&#8221;{}&#8221; custom_padding__hover=&#8221;|||&#8221;][et_pb_blurb admin_label=&#8221;Terras &#8221; use_icon=&#8221;on&#8221; font_icon=&#8221;&#x801;||divi||400&#8243; icon_placement=&#8221;left&#8221; _builder_version=&#8221;4.16&#8243; icon_font_size=&#8221;0&#8243; use_circle=&#8221;off&#8221; use_circle_border=&#8221;off&#8221; global_colors_info=&#8221;{}&#8221;]\n<p>Balc\u00f3n soleado 9m <sup>2<\/sup><br \/>\ncon vista al mar<\/p>\n[\/et_pb_blurb][\/et_pb_column][\/et_pb_row][et_pb_row _builder_version=&#8221;4.16&#8243; background_size=&#8221;initial&#8221; background_position=&#8221;top_left&#8221; background_repeat=&#8221;repeat&#8221; global_colors_info=&#8221;{}&#8221; column_structure=&#8221;1_4,1_4,1_4,1_4&#8243;][et_pb_column type=&#8221;1_4&#8243; _builder_version=&#8221;4.16&#8243; custom_padding=&#8221;|||&#8221; global_colors_info=&#8221;{}&#8221; custom_padding__hover=&#8221;|||&#8221;][et_pb_blurb admin_label=&#8221;Air conditioning&#8221; use_icon=&#8221;on&#8221; font_icon=&#8221;&#x803;||divi||400&#8243; icon_placement=&#8221;left&#8221; _builder_version=&#8221;4.16&#8243; icon_font_size=&#8221;0&#8243; use_circle=&#8221;off&#8221; use_circle_border=&#8221;off&#8221; saved_tabs=&#8221;all&#8221; global_colors_info=&#8221;{}&#8221;]\n<p>Aire acondicionado<\/p>\n[\/et_pb_blurb][\/et_pb_column][et_pb_column type=&#8221;1_4&#8243; _builder_version=&#8221;4.16&#8243; custom_padding=&#8221;|||&#8221; global_colors_info=&#8221;{}&#8221; custom_padding__hover=&#8221;|||&#8221;][et_pb_blurb admin_label=&#8221;Verwarming&#8221; use_icon=&#8221;on&#8221; font_icon=&#8221;&#x800;||divi||400&#8243; icon_placement=&#8221;left&#8221; _builder_version=&#8221;4.16&#8243; icon_font_size=&#8221;0&#8243; use_circle=&#8221;off&#8221; use_circle_border=&#8221;off&#8221; saved_tabs=&#8221;all&#8221; global_colors_info=&#8221;{}&#8221;]\n<p>Calefacci\u00f3n<\/p>\n[\/et_pb_blurb][\/et_pb_column][et_pb_column type=&#8221;1_4&#8243; _builder_version=&#8221;4.16&#8243; custom_padding=&#8221;|||&#8221; global_colors_info=&#8221;{}&#8221; custom_padding__hover=&#8221;|||&#8221;][et_pb_blurb admin_label=&#8221;wifi&#8221; use_icon=&#8221;on&#8221; font_icon=&#8221;&#x34;||divi||400&#8243; icon_placement=&#8221;left&#8221; module_class=&#8221;fab fab-wifi&#8221; _builder_version=&#8221;4.16&#8243; icon_font_size=&#8221;0&#8243; use_circle=&#8221;off&#8221; use_circle_border=&#8221;off&#8221; global_colors_info=&#8221;{}&#8221;]\n<p>Internet inal\u00e1mbrico<\/p>\n[\/et_pb_blurb][\/et_pb_column][et_pb_column type=&#8221;1_4&#8243; _builder_version=&#8221;4.16&#8243; custom_padding=&#8221;|||&#8221; global_colors_info=&#8221;{}&#8221; custom_padding__hover=&#8221;|||&#8221;][et_pb_blurb admin_label=&#8221;Satelliet TV&#8221; use_icon=&#8221;on&#8221; font_icon=&#8221;&#x34;||divi||400&#8243; icon_placement=&#8221;left&#8221; module_class=&#8221;fab fab-tv&#8221; _builder_version=&#8221;4.16&#8243; icon_font_size=&#8221;0&#8243; use_circle=&#8221;off&#8221; use_circle_border=&#8221;off&#8221; saved_tabs=&#8221;all&#8221; global_colors_info=&#8221;{}&#8221;]\n<p>Televisi\u00f3n multimedia con<br \/>\ncanales internacionales<\/p>\n[\/et_pb_blurb][\/et_pb_column][\/et_pb_row][et_pb_row _builder_version=&#8221;4.16&#8243; background_size=&#8221;initial&#8221; background_position=&#8221;top_left&#8221; background_repeat=&#8221;repeat&#8221; global_colors_info=&#8221;{}&#8221; column_structure=&#8221;1_4,1_4,1_4,1_4&#8243;][et_pb_column type=&#8221;1_4&#8243; _builder_version=&#8221;4.16&#8243; custom_padding=&#8221;|||&#8221; global_colors_info=&#8221;{}&#8221; custom_padding__hover=&#8221;|||&#8221;][et_pb_blurb admin_label=&#8221;Kluis&#8221; use_icon=&#8221;on&#8221; font_icon=&#8221;&#x804;||divi||400&#8243; icon_placement=&#8221;left&#8221; _builder_version=&#8221;4.16&#8243; icon_font_size=&#8221;0&#8243; use_circle=&#8221;off&#8221; use_circle_border=&#8221;off&#8221; saved_tabs=&#8221;all&#8221; global_colors_info=&#8221;{}&#8221;]\n<p>Caja fuerte<\/p>\n[\/et_pb_blurb][\/et_pb_column][et_pb_column type=&#8221;1_4&#8243; _builder_version=&#8221;4.16&#8243; custom_padding=&#8221;|||&#8221; global_colors_info=&#8221;{}&#8221; custom_padding__hover=&#8221;|||&#8221;][et_pb_blurb admin_label=&#8221;Haardroger&#8221; use_icon=&#8221;on&#8221; font_icon=&#8221;&#x802;||divi||400&#8243; icon_placement=&#8221;left&#8221; _builder_version=&#8221;4.16&#8243; icon_font_size=&#8221;0&#8243; use_circle=&#8221;off&#8221; use_circle_border=&#8221;off&#8221; saved_tabs=&#8221;all&#8221; global_colors_info=&#8221;{}&#8221;]\n<p>Secador de pelo<\/p>\n[\/et_pb_blurb][\/et_pb_column][et_pb_column type=&#8221;1_4&#8243; _builder_version=&#8221;4.16&#8243; custom_padding=&#8221;|||&#8221; global_colors_info=&#8221;{}&#8221; custom_padding__hover=&#8221;|||&#8221;][et_pb_blurb admin_label=&#8221;Geen honden toegestaan&#8221; use_icon=&#8221;on&#8221; font_icon=&#8221;%%387%%&#8221; icon_placement=&#8221;left&#8221; _builder_version=&#8221;4.23&#8243; icon_font_size=&#8221;0&#8243; use_circle=&#8221;off&#8221; use_circle_border=&#8221;off&#8221; saved_tabs=&#8221;all&#8221; global_colors_info=&#8221;{}&#8221; font_icon_tablet=&#8221;%%387%%&#8221; font_icon_phone=&#8221;%%387%%&#8221; background_pattern_color=&#8221;rgba(0,0,0,0.2)&#8221; background_mask_color=&#8221;#ffffff&#8221; image_icon_width_tablet=&#8221;101px&#8221; box_shadow_horizontal_image_tablet=&#8221;0px&#8221; box_shadow_vertical_image_tablet=&#8221;0px&#8221; box_shadow_blur_image_tablet=&#8221;40px&#8221; box_shadow_spread_image_tablet=&#8221;0px&#8221; text_shadow_horizontal_length=&#8221;text_shadow_style,%91object Object%93&#8243; text_shadow_horizontal_length_tablet=&#8221;0px&#8221; text_shadow_vertical_length=&#8221;text_shadow_style,%91object Object%93&#8243; text_shadow_vertical_length_tablet=&#8221;0px&#8221; text_shadow_blur_strength=&#8221;text_shadow_style,%91object Object%93&#8243; text_shadow_blur_strength_tablet=&#8221;1px&#8221; header_text_shadow_horizontal_length=&#8221;header_text_shadow_style,%91object Object%93&#8243; header_text_shadow_horizontal_length_tablet=&#8221;0px&#8221; header_text_shadow_vertical_length=&#8221;header_text_shadow_style,%91object Object%93&#8243; header_text_shadow_vertical_length_tablet=&#8221;0px&#8221; header_text_shadow_blur_strength=&#8221;header_text_shadow_style,%91object Object%93&#8243; header_text_shadow_blur_strength_tablet=&#8221;1px&#8221; body_text_shadow_horizontal_length=&#8221;body_text_shadow_style,%91object Object%93&#8243; body_text_shadow_horizontal_length_tablet=&#8221;0px&#8221; body_text_shadow_vertical_length=&#8221;body_text_shadow_style,%91object Object%93&#8243; body_text_shadow_vertical_length_tablet=&#8221;0px&#8221; body_text_shadow_blur_strength=&#8221;body_text_shadow_style,%91object Object%93&#8243; body_text_shadow_blur_strength_tablet=&#8221;1px&#8221; body_link_text_shadow_horizontal_length=&#8221;body_link_text_shadow_style,%91object Object%93&#8243; body_link_text_shadow_horizontal_length_tablet=&#8221;0px&#8221; body_link_text_shadow_vertical_length=&#8221;body_link_text_shadow_style,%91object Object%93&#8243; body_link_text_shadow_vertical_length_tablet=&#8221;0px&#8221; body_link_text_shadow_blur_strength=&#8221;body_link_text_shadow_style,%91object Object%93&#8243; body_link_text_shadow_blur_strength_tablet=&#8221;1px&#8221; body_ul_text_shadow_horizontal_length=&#8221;body_ul_text_shadow_style,%91object Object%93&#8243; body_ul_text_shadow_horizontal_length_tablet=&#8221;0px&#8221; body_ul_text_shadow_vertical_length=&#8221;body_ul_text_shadow_style,%91object Object%93&#8243; body_ul_text_shadow_vertical_length_tablet=&#8221;0px&#8221; body_ul_text_shadow_blur_strength=&#8221;body_ul_text_shadow_style,%91object Object%93&#8243; body_ul_text_shadow_blur_strength_tablet=&#8221;1px&#8221; body_ol_text_shadow_horizontal_length=&#8221;body_ol_text_shadow_style,%91object Object%93&#8243; body_ol_text_shadow_horizontal_length_tablet=&#8221;0px&#8221; body_ol_text_shadow_vertical_length=&#8221;body_ol_text_shadow_style,%91object Object%93&#8243; body_ol_text_shadow_vertical_length_tablet=&#8221;0px&#8221; body_ol_text_shadow_blur_strength=&#8221;body_ol_text_shadow_style,%91object Object%93&#8243; body_ol_text_shadow_blur_strength_tablet=&#8221;1px&#8221; body_quote_text_shadow_horizontal_length=&#8221;body_quote_text_shadow_style,%91object Object%93&#8243; body_quote_text_shadow_horizontal_length_tablet=&#8221;0px&#8221; body_quote_text_shadow_vertical_length=&#8221;body_quote_text_shadow_style,%91object Object%93&#8243; body_quote_text_shadow_vertical_length_tablet=&#8221;0px&#8221; body_quote_text_shadow_blur_strength=&#8221;body_quote_text_shadow_style,%91object Object%93&#8243; body_quote_text_shadow_blur_strength_tablet=&#8221;1px&#8221; box_shadow_horizontal_tablet=&#8221;0px&#8221; box_shadow_vertical_tablet=&#8221;0px&#8221; box_shadow_blur_tablet=&#8221;40px&#8221; box_shadow_spread_tablet=&#8221;0px&#8221; vertical_offset_tablet=&#8221;0&#8243; horizontal_offset_tablet=&#8221;0&#8243; z_index_tablet=&#8221;0&#8243;]\n<p>Perros no<br \/>permitido<\/p>\n[\/et_pb_blurb][\/et_pb_column][et_pb_column type=&#8221;1_4&#8243; _builder_version=&#8221;4.16&#8243; custom_padding=&#8221;|||&#8221; global_colors_info=&#8221;{}&#8221; custom_padding__hover=&#8221;|||&#8221;][\/et_pb_column][\/et_pb_row][\/et_pb_section]\n","protected":false},"excerpt":{"rendered":"<p>Los junior suites son ideales para familias con uno o dos ni\u00f1os \u00f2 para los huespedes quien prefieren un poco m\u00e1s de espacio.<\/p>\n","protected":false},"author":1,"featured_media":461,"parent":1427,"menu_order":30,"comment_status":"closed","ping_status":"closed","template":"","meta":{"_et_pb_use_builder":"on","_et_pb_old_content":"","_et_gb_content_width":"","jetpack_post_was_ever_published":false,"footnotes":""},"class_list":["post-1614","page","type-page","status-publish","has-post-thumbnail","hentry"],"jetpack_shortlink":"https:\/\/wp.me\/P9zaNS-q2","jetpack_sharing_enabled":true,"_links":{"self":[{"href":"https:\/\/casapauline.com\/es\/wp-json\/wp\/v2\/pages\/1614","targetHints":{"allow":["GET"]}}],"collection":[{"href":"https:\/\/casapauline.com\/es\/wp-json\/wp\/v2\/pages"}],"about":[{"href":"https:\/\/casapauline.com\/es\/wp-json\/wp\/v2\/types\/page"}],"author":[{"embeddable":true,"href":"https:\/\/casapauline.com\/es\/wp-json\/wp\/v2\/users\/1"}],"replies":[{"embeddable":true,"href":"https:\/\/casapauline.com\/es\/wp-json\/wp\/v2\/comments?post=1614"}],"version-history":[{"count":9,"href":"https:\/\/casapauline.com\/es\/wp-json\/wp\/v2\/pages\/1614\/revisions"}],"predecessor-version":[{"id":2191,"href":"https:\/\/casapauline.com\/es\/wp-json\/wp\/v2\/pages\/1614\/revisions\/2191"}],"up":[{"embeddable":true,"href":"https:\/\/casapauline.com\/es\/wp-json\/wp\/v2\/pages\/1427"}],"wp:featuredmedia":[{"embeddable":true,"href":"https:\/\/casapauline.com\/es\/wp-json\/wp\/v2\/media\/461"}],"wp:attachment":[{"href":"https:\/\/casapauline.com\/es\/wp-json\/wp\/v2\/media?parent=1614"}],"curies":[{"name":"wp","href":"https:\/\/api.w.org\/{rel}","templated":true}]}}