{"id":1627,"date":"2018-03-08T10:50:23","date_gmt":"2018-03-08T09:50:23","guid":{"rendered":"https:\/\/casapauline.com\/habitaciones\/habitaciones-estandar\/"},"modified":"2024-01-18T12:46:33","modified_gmt":"2024-01-18T11:46:33","slug":"habitaciones-estandar","status":"publish","type":"page","link":"https:\/\/casapauline.com\/es\/habitaciones\/habitaciones-estandar\/","title":{"rendered":"Habitaciones Est\u00e1ndar"},"content":{"rendered":"[et_pb_section bb_built=&#8221;1&#8243; fullwidth=&#8221;on&#8221; _builder_version=&#8221;3.22&#8243; global_colors_info=&#8221;{}&#8221; next_background_color=&#8221;#000000&#8243;][et_pb_fullwidth_header _builder_version=&#8221;3.16&#8243; background_color=&#8221;rgba(255, 255, 255, 0)&#8221; background_image=&#8221;https:\/\/casapauline.com\/wp-content\/uploads\/2018\/01\/casapauline-studio-1.jpg&#8221; background_layout=&#8221;light&#8221; custom_css_main_element=&#8221;height: 400px;&#8221; global_colors_info=&#8221;{}&#8221; button_one_text_size__hover_enabled=&#8221;off&#8221; button_two_text_size__hover_enabled=&#8221;off&#8221; button_one_text_color__hover_enabled=&#8221;off&#8221; button_two_text_color__hover_enabled=&#8221;off&#8221; button_one_border_width__hover_enabled=&#8221;off&#8221; button_two_border_width__hover_enabled=&#8221;off&#8221; button_one_border_color__hover_enabled=&#8221;off&#8221; button_two_border_color__hover_enabled=&#8221;off&#8221; button_one_border_radius__hover_enabled=&#8221;off&#8221; button_two_border_radius__hover_enabled=&#8221;off&#8221; button_one_letter_spacing__hover_enabled=&#8221;off&#8221; button_two_letter_spacing__hover_enabled=&#8221;off&#8221; button_one_bg_color__hover_enabled=&#8221;off&#8221; button_two_bg_color__hover_enabled=&#8221;off&#8221;]\n[\/et_pb_fullwidth_header][\/et_pb_section][et_pb_section bb_built=&#8221;1&#8243; _builder_version=&#8221;3.22&#8243; global_colors_info=&#8221;{}&#8221; prev_background_color=&#8221;#000000&#8243; next_background_color=&#8221;#000000&#8243;][et_pb_row _builder_version=&#8221;3.25&#8243; background_size=&#8221;initial&#8221; background_position=&#8221;top_left&#8221; background_repeat=&#8221;repeat&#8221; global_colors_info=&#8221;{}&#8221;][et_pb_column type=&#8221;4_4&#8243; _builder_version=&#8221;3.25&#8243; custom_padding=&#8221;|||&#8221; global_colors_info=&#8221;{}&#8221; custom_padding__hover=&#8221;|||&#8221;][et_pb_text admin_label=&#8221;Standaard kamers&#8221; _builder_version=&#8221;3.27.4&#8243; hover_enabled=&#8221;0&#8243; global_colors_info=&#8221;{}&#8221; sticky_enabled=&#8221;0&#8243;]\n<h1>Habitaciones Est\u00e1ndar<\/h1>\n[\/et_pb_text][\/et_pb_column][\/et_pb_row][et_pb_row make_equal=&#8221;on&#8221; _builder_version=&#8221;3.25&#8243; global_colors_info=&#8221;{}&#8221; column_structure=&#8221;1_3,2_3&#8243;][et_pb_column type=&#8221;1_3&#8243; _builder_version=&#8221;3.25&#8243; custom_padding=&#8221;|||&#8221; global_colors_info=&#8221;{}&#8221; custom_padding__hover=&#8221;|||&#8221;][et_pb_text _builder_version=&#8221;4.19.5&#8243; hover_enabled=&#8221;0&#8243; global_colors_info=&#8221;{}&#8221; sticky_enabled=&#8221;0&#8243; background_pattern_color=&#8221;rgba(0,0,0,0.2)&#8221; background_mask_color=&#8221;#ffffff&#8221; text_text_shadow_horizontal_length=&#8221;text_text_shadow_style,%91object Object%93&#8243; text_text_shadow_horizontal_length_tablet=&#8221;0px&#8221; text_text_shadow_vertical_length=&#8221;text_text_shadow_style,%91object Object%93&#8243; text_text_shadow_vertical_length_tablet=&#8221;0px&#8221; text_text_shadow_blur_strength=&#8221;text_text_shadow_style,%91object Object%93&#8243; text_text_shadow_blur_strength_tablet=&#8221;1px&#8221; link_text_shadow_horizontal_length=&#8221;link_text_shadow_style,%91object Object%93&#8243; link_text_shadow_horizontal_length_tablet=&#8221;0px&#8221; link_text_shadow_vertical_length=&#8221;link_text_shadow_style,%91object Object%93&#8243; link_text_shadow_vertical_length_tablet=&#8221;0px&#8221; link_text_shadow_blur_strength=&#8221;link_text_shadow_style,%91object Object%93&#8243; link_text_shadow_blur_strength_tablet=&#8221;1px&#8221; ul_text_shadow_horizontal_length=&#8221;ul_text_shadow_style,%91object Object%93&#8243; ul_text_shadow_horizontal_length_tablet=&#8221;0px&#8221; ul_text_shadow_vertical_length=&#8221;ul_text_shadow_style,%91object Object%93&#8243; ul_text_shadow_vertical_length_tablet=&#8221;0px&#8221; ul_text_shadow_blur_strength=&#8221;ul_text_shadow_style,%91object Object%93&#8243; ul_text_shadow_blur_strength_tablet=&#8221;1px&#8221; ol_text_shadow_horizontal_length=&#8221;ol_text_shadow_style,%91object Object%93&#8243; ol_text_shadow_horizontal_length_tablet=&#8221;0px&#8221; ol_text_shadow_vertical_length=&#8221;ol_text_shadow_style,%91object Object%93&#8243; ol_text_shadow_vertical_length_tablet=&#8221;0px&#8221; ol_text_shadow_blur_strength=&#8221;ol_text_shadow_style,%91object Object%93&#8243; ol_text_shadow_blur_strength_tablet=&#8221;1px&#8221; quote_text_shadow_horizontal_length=&#8221;quote_text_shadow_style,%91object Object%93&#8243; quote_text_shadow_horizontal_length_tablet=&#8221;0px&#8221; quote_text_shadow_vertical_length=&#8221;quote_text_shadow_style,%91object Object%93&#8243; quote_text_shadow_vertical_length_tablet=&#8221;0px&#8221; quote_text_shadow_blur_strength=&#8221;quote_text_shadow_style,%91object Object%93&#8243; quote_text_shadow_blur_strength_tablet=&#8221;1px&#8221; header_text_shadow_horizontal_length=&#8221;header_text_shadow_style,%91object Object%93&#8243; header_text_shadow_horizontal_length_tablet=&#8221;0px&#8221; header_text_shadow_vertical_length=&#8221;header_text_shadow_style,%91object Object%93&#8243; header_text_shadow_vertical_length_tablet=&#8221;0px&#8221; header_text_shadow_blur_strength=&#8221;header_text_shadow_style,%91object Object%93&#8243; header_text_shadow_blur_strength_tablet=&#8221;1px&#8221; header_2_text_shadow_horizontal_length=&#8221;header_2_text_shadow_style,%91object Object%93&#8243; header_2_text_shadow_horizontal_length_tablet=&#8221;0px&#8221; header_2_text_shadow_vertical_length=&#8221;header_2_text_shadow_style,%91object Object%93&#8243; header_2_text_shadow_vertical_length_tablet=&#8221;0px&#8221; header_2_text_shadow_blur_strength=&#8221;header_2_text_shadow_style,%91object Object%93&#8243; header_2_text_shadow_blur_strength_tablet=&#8221;1px&#8221; header_3_text_shadow_horizontal_length=&#8221;header_3_text_shadow_style,%91object Object%93&#8243; header_3_text_shadow_horizontal_length_tablet=&#8221;0px&#8221; header_3_text_shadow_vertical_length=&#8221;header_3_text_shadow_style,%91object Object%93&#8243; header_3_text_shadow_vertical_length_tablet=&#8221;0px&#8221; header_3_text_shadow_blur_strength=&#8221;header_3_text_shadow_style,%91object Object%93&#8243; header_3_text_shadow_blur_strength_tablet=&#8221;1px&#8221; header_4_text_shadow_horizontal_length=&#8221;header_4_text_shadow_style,%91object Object%93&#8243; header_4_text_shadow_horizontal_length_tablet=&#8221;0px&#8221; header_4_text_shadow_vertical_length=&#8221;header_4_text_shadow_style,%91object Object%93&#8243; header_4_text_shadow_vertical_length_tablet=&#8221;0px&#8221; header_4_text_shadow_blur_strength=&#8221;header_4_text_shadow_style,%91object Object%93&#8243; header_4_text_shadow_blur_strength_tablet=&#8221;1px&#8221; header_5_text_shadow_horizontal_length=&#8221;header_5_text_shadow_style,%91object Object%93&#8243; header_5_text_shadow_horizontal_length_tablet=&#8221;0px&#8221; header_5_text_shadow_vertical_length=&#8221;header_5_text_shadow_style,%91object Object%93&#8243; header_5_text_shadow_vertical_length_tablet=&#8221;0px&#8221; header_5_text_shadow_blur_strength=&#8221;header_5_text_shadow_style,%91object Object%93&#8243; header_5_text_shadow_blur_strength_tablet=&#8221;1px&#8221; header_6_text_shadow_horizontal_length=&#8221;header_6_text_shadow_style,%91object Object%93&#8243; header_6_text_shadow_horizontal_length_tablet=&#8221;0px&#8221; header_6_text_shadow_vertical_length=&#8221;header_6_text_shadow_style,%91object Object%93&#8243; header_6_text_shadow_vertical_length_tablet=&#8221;0px&#8221; header_6_text_shadow_blur_strength=&#8221;header_6_text_shadow_style,%91object Object%93&#8243; header_6_text_shadow_blur_strength_tablet=&#8221;1px&#8221; box_shadow_horizontal_tablet=&#8221;0px&#8221; box_shadow_vertical_tablet=&#8221;0px&#8221; box_shadow_blur_tablet=&#8221;40px&#8221; box_shadow_spread_tablet=&#8221;0px&#8221; vertical_offset_tablet=&#8221;0&#8243; horizontal_offset_tablet=&#8221;0&#8243; z_index_tablet=&#8221;0&#8243;]\n<p>En la primera planta hay cinco habitaciones est\u00e1ndar con su propia entrada y accessible con escalera de s\u00f3lo 5 escalones. Los habitaciones est\u00e1ndar disponen de un balc\u00f3n de 6 m2. La cocina tiene un placa con dos fuegos, frigorifico y microndas. La cama mide 1.60 x 2.00 m. El ba\u00f1o tiene una amplia ducha con grifo termostatico.<\/p>\n[\/et_pb_text][\/et_pb_column][et_pb_column type=&#8221;2_3&#8243; _builder_version=&#8221;3.25&#8243; custom_padding=&#8221;|||&#8221; global_colors_info=&#8221;{}&#8221; custom_padding__hover=&#8221;|||&#8221;][et_pb_code admin_label=&#8221;Code slider&#8221; hover_enabled=&#8221;0&#8243; global_colors_info=&#8221;{}&#8221; sticky_enabled=&#8221;0&#8243;]<div id=\"metaslider-id-563\" style=\"width: 100%; margin: 0 auto;\" class=\"ml-slider-3-107-0 metaslider metaslider-flex metaslider-563 ml-slider has-dots-nav ml-slider-lightbox-2-22-0 lightbox-disabled ms-theme-default\" role=\"region\" aria-label=\"Studio\" data-height=\"320\" data-width=\"500\">\n    <div id=\"metaslider_container_563\">\n        <div id=\"metaslider_563\">\n            <ul class='slides'>\n                <li style=\"display: block; width: 100%;\" class=\"slide-597 ms-image \" aria-roledescription=\"slide\" data-date=\"2018-01-11 15:16:07\" data-filename=\"casapauline-studio-8-500x320.jpg\" data-slide-type=\"image\"><img loading=\"lazy\" decoding=\"async\" src=\"https:\/\/casapauline.com\/wp-content\/uploads\/2018\/01\/casapauline-studio-8-500x320.jpg\" height=\"320\" width=\"500\" alt=\"\" class=\"slider-563 slide-597 msDefaultImage\" \/><\/li>\n                <li style=\"display: none; width: 100%;\" class=\"slide-599 ms-image \" aria-roledescription=\"slide\" data-date=\"2018-01-11 15:16:07\" data-filename=\"casapauline-studio-2-500x320.jpg\" data-slide-type=\"image\"><img loading=\"lazy\" decoding=\"async\" src=\"https:\/\/casapauline.com\/wp-content\/uploads\/2018\/01\/casapauline-studio-2-500x320.jpg\" height=\"320\" width=\"500\" alt=\"\" class=\"slider-563 slide-599 msDefaultImage\" \/><\/li>\n                <li style=\"display: none; width: 100%;\" class=\"slide-602 ms-image \" aria-roledescription=\"slide\" data-date=\"2018-01-11 15:16:07\" data-filename=\"casapauline-studio-4-500x320.jpg\" data-slide-type=\"image\"><img loading=\"lazy\" decoding=\"async\" src=\"https:\/\/casapauline.com\/wp-content\/uploads\/2018\/01\/casapauline-studio-4-500x320.jpg\" height=\"320\" width=\"500\" alt=\"\" class=\"slider-563 slide-602 msDefaultImage\" \/><\/li>\n                <li style=\"display: none; width: 100%;\" class=\"slide-2072 ms-image \" aria-roledescription=\"slide\" data-date=\"2021-08-31 22:31:16\" data-filename=\"IMG_6676-500x320.jpg\" data-slide-type=\"image\"><img loading=\"lazy\" decoding=\"async\" src=\"https:\/\/casapauline.com\/wp-content\/uploads\/2021\/08\/IMG_6676-500x320.jpg\" height=\"320\" width=\"500\" alt=\"\" class=\"slider-563 slide-2072 msDefaultImage\" title=\"IMG_6676\" \/><\/li>\n                <li style=\"display: none; width: 100%;\" class=\"slide-2073 ms-image \" aria-roledescription=\"slide\" data-date=\"2021-08-31 22:31:16\" data-filename=\"IMG_6682-500x320.jpg\" data-slide-type=\"image\"><img loading=\"lazy\" decoding=\"async\" src=\"https:\/\/casapauline.com\/wp-content\/uploads\/2021\/08\/IMG_6682-500x320.jpg\" height=\"320\" width=\"500\" alt=\"\" class=\"slider-563 slide-2073 msDefaultImage\" title=\"IMG_6682\" \/><\/li>\n                <li style=\"display: none; width: 100%;\" class=\"slide-2074 ms-image \" aria-roledescription=\"slide\" data-date=\"2021-08-31 22:31:16\" data-filename=\"IMG_6684-500x320.jpg\" data-slide-type=\"image\"><img loading=\"lazy\" decoding=\"async\" src=\"https:\/\/casapauline.com\/wp-content\/uploads\/2021\/08\/IMG_6684-500x320.jpg\" height=\"320\" width=\"500\" alt=\"\" class=\"slider-563 slide-2074 msDefaultImage\" title=\"IMG_6684\" \/><\/li>\n            <\/ul>\n        <\/div>\n        \n    <\/div>\n<\/div>[\/et_pb_code][\/et_pb_column][\/et_pb_row][\/et_pb_section][et_pb_section bb_built=&#8221;1&#8243; _builder_version=&#8221;3.22&#8243; global_colors_info=&#8221;{}&#8221; prev_background_color=&#8221;#000000&#8243; next_background_color=&#8221;rgba(0,106,50,0.1)&#8221;][et_pb_row _builder_version=&#8221;3.25&#8243; background_size=&#8221;initial&#8221; background_position=&#8221;top_left&#8221; background_repeat=&#8221;repeat&#8221; global_colors_info=&#8221;{}&#8221;][et_pb_column type=&#8221;4_4&#8243; _builder_version=&#8221;3.25&#8243; custom_padding=&#8221;|||&#8221; global_colors_info=&#8221;{}&#8221; custom_padding__hover=&#8221;|||&#8221;][et_pb_text admin_label=&#8221;Code prijzen&#8221; _builder_version=&#8221;3.27.4&#8243; global_colors_info=&#8221;{}&#8221;]\n<h2 id=\"tablepress-1-name\" class=\"tablepress-table-name tablepress-table-name-id-1\">Standard room<\/h2>\n\n<table id=\"tablepress-1\" class=\"tablepress tablepress-id-1 tablepress-responsive\" aria-labelledby=\"tablepress-1-name\">\n<thead>\n<tr class=\"row-1\">\n\t<th class=\"column-1\">period<\/th><th class=\"column-2\">booking<\/th><td class=\"column-3\"><\/td>\n<\/tr>\n<\/thead>\n<tbody class=\"row-striping row-hover\">\n<tr class=\"row-2\">\n\t<td class=\"column-1\">1\/1-12\/7 &amp; 12\/9-31\/12<\/td><td class=\"column-2\">per day<\/td><td class=\"column-3\">\u20ac 73,50<\/td>\n<\/tr>\n<tr class=\"row-3\">\n\t<td class=\"column-1\">1\/1-12\/7 &amp; 12\/9-31\/12<\/td><td class=\"column-2\">7 days +<\/td><td class=\"column-3\">\u20ac 65,00<\/td>\n<\/tr>\n<tr class=\"row-4\">\n\t<td class=\"column-1\">12\/7-12\/9<\/td><td class=\"column-2\">per day<\/td><td class=\"column-3\">\u20ac 82,00<\/td>\n<\/tr>\n<tr class=\"row-5\">\n\t<td class=\"column-1\">12\/7-12\/9<\/td><td class=\"column-2\">7 days +<\/td><td class=\"column-3\">\u20ac 76,00<\/td>\n<\/tr>\n<\/tbody>\n<\/table>\n<!-- #tablepress-1 from cache -->\n[\/et_pb_text][\/et_pb_column][\/et_pb_row][\/et_pb_section][et_pb_section bb_built=&#8221;1&#8243; _builder_version=&#8221;3.22&#8243; background_color=&#8221;rgba(0,106,50,0.1)&#8221; global_colors_info=&#8221;{}&#8221; prev_background_color=&#8221;#ffffff&#8221;][et_pb_row _builder_version=&#8221;3.25&#8243; background_size=&#8221;initial&#8221; background_position=&#8221;top_left&#8221; background_repeat=&#8221;repeat&#8221; global_colors_info=&#8221;{}&#8221;][et_pb_column type=&#8221;4_4&#8243; _builder_version=&#8221;3.25&#8243; custom_padding=&#8221;|||&#8221; global_colors_info=&#8221;{}&#8221; custom_padding__hover=&#8221;|||&#8221;][et_pb_text admin_label=&#8221;Specificaties&#8221; _builder_version=&#8221;3.27.4&#8243; global_colors_info=&#8221;{}&#8221;]\n<h2>Especificaciones:<\/h2>\n[\/et_pb_text][\/et_pb_column][\/et_pb_row][et_pb_row _builder_version=&#8221;3.25&#8243; background_size=&#8221;initial&#8221; background_position=&#8221;top_left&#8221; background_repeat=&#8221;repeat&#8221; global_colors_info=&#8221;{}&#8221; column_structure=&#8221;1_4,1_4,1_4,1_4&#8243;][et_pb_column type=&#8221;1_4&#8243; _builder_version=&#8221;3.25&#8243; custom_padding=&#8221;|||&#8221; global_colors_info=&#8221;{}&#8221; custom_padding__hover=&#8221;|||&#8221;][et_pb_blurb admin_label=&#8221;personen&#8221; use_icon=&#8221;on&#8221; font_icon=&#8221;&amp;#x34;||divi||400&#8243; icon_placement=&#8221;left&#8221; module_class=&#8221;fab fab-personen&#8221; _builder_version=&#8221;3.0.95&#8243; global_colors_info=&#8221;{}&#8221;]\n<p>1-2 personas<\/p>\n[\/et_pb_blurb][\/et_pb_column][et_pb_column type=&#8221;1_4&#8243; _builder_version=&#8221;3.25&#8243; custom_padding=&#8221;|||&#8221; global_colors_info=&#8221;{}&#8221; custom_padding__hover=&#8221;|||&#8221;][et_pb_blurb admin_label=&#8221;Oppervlakte&#8221; use_icon=&#8221;on&#8221; font_icon=&#8221;&amp;#x34;||divi||400&#8243; icon_placement=&#8221;left&#8221; module_class=&#8221;fab fab-oppervlakte&#8221; _builder_version=&#8221;3.0.95&#8243; global_colors_info=&#8221;{}&#8221;]\n<p>Superficie: 25m <sup>2<\/sup><\/p>\n[\/et_pb_blurb][\/et_pb_column][et_pb_column type=&#8221;1_4&#8243; _builder_version=&#8221;3.25&#8243; custom_padding=&#8221;|||&#8221; global_colors_info=&#8221;{}&#8221; custom_padding__hover=&#8221;|||&#8221;][et_pb_blurb admin_label=&#8221;Douche en toilet&#8221; use_icon=&#8221;on&#8221; font_icon=&#8221;&amp;#x34;||divi||400&#8243; icon_placement=&#8221;left&#8221; module_class=&#8221;fab fab-douche&#8221; _builder_version=&#8221;3.0.95&#8243; saved_tabs=&#8221;all&#8221; global_colors_info=&#8221;{}&#8221;]\n<p>Cabina de ducha e inodoro<\/p>\n[\/et_pb_blurb][\/et_pb_column][et_pb_column type=&#8221;1_4&#8243; _builder_version=&#8221;3.25&#8243; custom_padding=&#8221;|||&#8221; global_colors_info=&#8221;{}&#8221; custom_padding__hover=&#8221;|||&#8221;][et_pb_blurb admin_label=&#8221;Terras &#8221; use_icon=&#8221;on&#8221; font_icon=&#8221;&#x801;||divi||400&#8243; icon_placement=&#8221;left&#8221; _builder_version=&#8221;3.0.95&#8243; global_colors_info=&#8221;{}&#8221;]\n<p>Balc\u00f3n soleado 6m <sup>2<\/sup> con vista al mar<\/p>\n[\/et_pb_blurb][\/et_pb_column][\/et_pb_row][et_pb_row _builder_version=&#8221;3.25&#8243; background_size=&#8221;initial&#8221; background_position=&#8221;top_left&#8221; background_repeat=&#8221;repeat&#8221; global_colors_info=&#8221;{}&#8221; column_structure=&#8221;1_4,1_4,1_4,1_4&#8243;][et_pb_column type=&#8221;1_4&#8243; _builder_version=&#8221;3.25&#8243; custom_padding=&#8221;|||&#8221; global_colors_info=&#8221;{}&#8221; custom_padding__hover=&#8221;|||&#8221;][et_pb_blurb admin_label=&#8221;Air conditioning&#8221; use_icon=&#8221;on&#8221; font_icon=&#8221;&#x803;||divi||400&#8243; icon_placement=&#8221;left&#8221; _builder_version=&#8221;3.0.95&#8243; saved_tabs=&#8221;all&#8221; global_colors_info=&#8221;{}&#8221;]\n<p>Aire acondicionado<\/p>\n[\/et_pb_blurb][\/et_pb_column][et_pb_column type=&#8221;1_4&#8243; _builder_version=&#8221;3.25&#8243; custom_padding=&#8221;|||&#8221; global_colors_info=&#8221;{}&#8221; custom_padding__hover=&#8221;|||&#8221;][et_pb_blurb admin_label=&#8221;Verwarming&#8221; use_icon=&#8221;on&#8221; font_icon=&#8221;&#x800;||divi||400&#8243; icon_placement=&#8221;left&#8221; _builder_version=&#8221;3.0.95&#8243; saved_tabs=&#8221;all&#8221; global_colors_info=&#8221;{}&#8221;]\n<p>Calefacci\u00f3n<\/p>\n[\/et_pb_blurb][\/et_pb_column][et_pb_column type=&#8221;1_4&#8243; _builder_version=&#8221;3.25&#8243; custom_padding=&#8221;|||&#8221; global_colors_info=&#8221;{}&#8221; custom_padding__hover=&#8221;|||&#8221;][et_pb_blurb admin_label=&#8221;wifi&#8221; use_icon=&#8221;on&#8221; font_icon=&#8221;&amp;#x34;||divi||400&#8243; icon_placement=&#8221;left&#8221; module_class=&#8221;fab fab-wifi&#8221; _builder_version=&#8221;3.0.93&#8243; global_colors_info=&#8221;{}&#8221;]\n<p>Internet inal\u00e1mbrico<\/p>\n[\/et_pb_blurb][\/et_pb_column][et_pb_column type=&#8221;1_4&#8243; _builder_version=&#8221;3.25&#8243; custom_padding=&#8221;|||&#8221; global_colors_info=&#8221;{}&#8221; custom_padding__hover=&#8221;|||&#8221;][et_pb_blurb admin_label=&#8221;Satelliet TV&#8221; use_icon=&#8221;on&#8221; font_icon=&#8221;&amp;#x34;||divi||400&#8243; icon_placement=&#8221;left&#8221; module_class=&#8221;fab fab-tv&#8221; _builder_version=&#8221;3.0.95&#8243; saved_tabs=&#8221;all&#8221; global_colors_info=&#8221;{}&#8221;]\n<p>Televisi\u00f3n multimedia con<br \/>\ncanales internacionales<\/p>\n[\/et_pb_blurb][\/et_pb_column][\/et_pb_row][et_pb_row _builder_version=&#8221;3.25&#8243; background_size=&#8221;initial&#8221; background_position=&#8221;top_left&#8221; background_repeat=&#8221;repeat&#8221; global_colors_info=&#8221;{}&#8221; column_structure=&#8221;1_4,1_4,1_4,1_4&#8243;][et_pb_column type=&#8221;1_4&#8243; _builder_version=&#8221;3.25&#8243; custom_padding=&#8221;|||&#8221; global_colors_info=&#8221;{}&#8221; custom_padding__hover=&#8221;|||&#8221;][et_pb_blurb admin_label=&#8221;Kluis&#8221; use_icon=&#8221;on&#8221; font_icon=&#8221;&#x804;||divi||400&#8243; icon_placement=&#8221;left&#8221; _builder_version=&#8221;3.0.95&#8243; saved_tabs=&#8221;all&#8221; global_colors_info=&#8221;{}&#8221;]\n<p>Caja fuerte<\/p>\n[\/et_pb_blurb][\/et_pb_column][et_pb_column type=&#8221;1_4&#8243; _builder_version=&#8221;3.25&#8243; custom_padding=&#8221;|||&#8221; global_colors_info=&#8221;{}&#8221; custom_padding__hover=&#8221;|||&#8221;][et_pb_blurb admin_label=&#8221;Haardroger&#8221; use_icon=&#8221;on&#8221; font_icon=&#8221;&#x802;||divi||400&#8243; icon_placement=&#8221;left&#8221; _builder_version=&#8221;3.0.95&#8243; saved_tabs=&#8221;all&#8221; global_colors_info=&#8221;{}&#8221;]\n<p>Secador de pelo<\/p>\n[\/et_pb_blurb][\/et_pb_column][et_pb_column type=&#8221;1_4&#8243; _builder_version=&#8221;3.25&#8243; custom_padding=&#8221;|||&#8221; global_colors_info=&#8221;{}&#8221; custom_padding__hover=&#8221;|||&#8221;][et_pb_blurb admin_label=&#8221;Geen honden toegestaan&#8221; use_icon=&#8221;on&#8221; font_icon=&#8221;&#x807;||divi||400&#8243; _builder_version=&#8221;4.23&#8243; saved_tabs=&#8221;all&#8221; global_colors_info=&#8221;{}&#8221; font_icon_tablet=&#8221;&#x807;||divi||400&#8243; font_icon_phone=&#8221;&#x807;||divi||400&#8243; background_pattern_color=&#8221;rgba(0,0,0,0.2)&#8221; background_mask_color=&#8221;#ffffff&#8221; image_icon_width_tablet=&#8221;101px&#8221; border_width_all_image_tablet=&#8221;25&#8243; box_shadow_horizontal_image_tablet=&#8221;0px&#8221; box_shadow_vertical_image_tablet=&#8221;0px&#8221; box_shadow_blur_image_tablet=&#8221;40px&#8221; box_shadow_spread_image_tablet=&#8221;0px&#8221; text_shadow_horizontal_length=&#8221;text_shadow_style,%91object Object%93&#8243; text_shadow_horizontal_length_tablet=&#8221;0px&#8221; text_shadow_vertical_length=&#8221;text_shadow_style,%91object Object%93&#8243; text_shadow_vertical_length_tablet=&#8221;0px&#8221; text_shadow_blur_strength=&#8221;text_shadow_style,%91object Object%93&#8243; text_shadow_blur_strength_tablet=&#8221;1px&#8221; header_text_shadow_horizontal_length=&#8221;header_text_shadow_style,%91object Object%93&#8243; header_text_shadow_horizontal_length_tablet=&#8221;0px&#8221; header_text_shadow_vertical_length=&#8221;header_text_shadow_style,%91object Object%93&#8243; header_text_shadow_vertical_length_tablet=&#8221;0px&#8221; header_text_shadow_blur_strength=&#8221;header_text_shadow_style,%91object Object%93&#8243; header_text_shadow_blur_strength_tablet=&#8221;1px&#8221; body_text_shadow_horizontal_length=&#8221;body_text_shadow_style,%91object Object%93&#8243; body_text_shadow_horizontal_length_tablet=&#8221;0px&#8221; body_text_shadow_vertical_length=&#8221;body_text_shadow_style,%91object Object%93&#8243; body_text_shadow_vertical_length_tablet=&#8221;0px&#8221; body_text_shadow_blur_strength=&#8221;body_text_shadow_style,%91object Object%93&#8243; body_text_shadow_blur_strength_tablet=&#8221;1px&#8221; body_link_text_shadow_horizontal_length=&#8221;body_link_text_shadow_style,%91object Object%93&#8243; body_link_text_shadow_horizontal_length_tablet=&#8221;0px&#8221; body_link_text_shadow_vertical_length=&#8221;body_link_text_shadow_style,%91object Object%93&#8243; body_link_text_shadow_vertical_length_tablet=&#8221;0px&#8221; body_link_text_shadow_blur_strength=&#8221;body_link_text_shadow_style,%91object Object%93&#8243; body_link_text_shadow_blur_strength_tablet=&#8221;1px&#8221; body_ul_text_shadow_horizontal_length=&#8221;body_ul_text_shadow_style,%91object Object%93&#8243; body_ul_text_shadow_horizontal_length_tablet=&#8221;0px&#8221; body_ul_text_shadow_vertical_length=&#8221;body_ul_text_shadow_style,%91object Object%93&#8243; body_ul_text_shadow_vertical_length_tablet=&#8221;0px&#8221; body_ul_text_shadow_blur_strength=&#8221;body_ul_text_shadow_style,%91object Object%93&#8243; body_ul_text_shadow_blur_strength_tablet=&#8221;1px&#8221; body_ol_text_shadow_horizontal_length=&#8221;body_ol_text_shadow_style,%91object Object%93&#8243; body_ol_text_shadow_horizontal_length_tablet=&#8221;0px&#8221; body_ol_text_shadow_vertical_length=&#8221;body_ol_text_shadow_style,%91object Object%93&#8243; body_ol_text_shadow_vertical_length_tablet=&#8221;0px&#8221; body_ol_text_shadow_blur_strength=&#8221;body_ol_text_shadow_style,%91object Object%93&#8243; body_ol_text_shadow_blur_strength_tablet=&#8221;1px&#8221; body_quote_text_shadow_horizontal_length=&#8221;body_quote_text_shadow_style,%91object Object%93&#8243; body_quote_text_shadow_horizontal_length_tablet=&#8221;0px&#8221; body_quote_text_shadow_vertical_length=&#8221;body_quote_text_shadow_style,%91object Object%93&#8243; body_quote_text_shadow_vertical_length_tablet=&#8221;0px&#8221; body_quote_text_shadow_blur_strength=&#8221;body_quote_text_shadow_style,%91object Object%93&#8243; body_quote_text_shadow_blur_strength_tablet=&#8221;1px&#8221; box_shadow_horizontal_tablet=&#8221;0px&#8221; box_shadow_vertical_tablet=&#8221;0px&#8221; box_shadow_blur_tablet=&#8221;40px&#8221; box_shadow_spread_tablet=&#8221;0px&#8221; vertical_offset_tablet=&#8221;0&#8243; horizontal_offset_tablet=&#8221;0&#8243; z_index_tablet=&#8221;0&#8243;]\n<p>Perros no<br \/>permitido<\/p>\n[\/et_pb_blurb][\/et_pb_column][et_pb_column type=&#8221;1_4&#8243; _builder_version=&#8221;3.25&#8243; custom_padding=&#8221;|||&#8221; global_colors_info=&#8221;{}&#8221; custom_padding__hover=&#8221;|||&#8221;][\/et_pb_column][\/et_pb_row][\/et_pb_section]\n","protected":false},"excerpt":{"rendered":"<p>En la primera planta hay cinco habitaciones est\u00e1ndar con su propia entrada y accessible con escalera de s\u00f3lo 5 escalones.<\/p>\n","protected":false},"author":1,"featured_media":575,"parent":1427,"menu_order":20,"comment_status":"closed","ping_status":"closed","template":"","meta":{"_et_pb_use_builder":"on","_et_pb_old_content":"","_et_gb_content_width":"","jetpack_post_was_ever_published":false,"footnotes":""},"class_list":["post-1627","page","type-page","status-publish","has-post-thumbnail","hentry"],"jetpack_shortlink":"https:\/\/wp.me\/P9zaNS-qf","jetpack_sharing_enabled":true,"_links":{"self":[{"href":"https:\/\/casapauline.com\/es\/wp-json\/wp\/v2\/pages\/1627","targetHints":{"allow":["GET"]}}],"collection":[{"href":"https:\/\/casapauline.com\/es\/wp-json\/wp\/v2\/pages"}],"about":[{"href":"https:\/\/casapauline.com\/es\/wp-json\/wp\/v2\/types\/page"}],"author":[{"embeddable":true,"href":"https:\/\/casapauline.com\/es\/wp-json\/wp\/v2\/users\/1"}],"replies":[{"embeddable":true,"href":"https:\/\/casapauline.com\/es\/wp-json\/wp\/v2\/comments?post=1627"}],"version-history":[{"count":11,"href":"https:\/\/casapauline.com\/es\/wp-json\/wp\/v2\/pages\/1627\/revisions"}],"predecessor-version":[{"id":2216,"href":"https:\/\/casapauline.com\/es\/wp-json\/wp\/v2\/pages\/1627\/revisions\/2216"}],"up":[{"embeddable":true,"href":"https:\/\/casapauline.com\/es\/wp-json\/wp\/v2\/pages\/1427"}],"wp:featuredmedia":[{"embeddable":true,"href":"https:\/\/casapauline.com\/es\/wp-json\/wp\/v2\/media\/575"}],"wp:attachment":[{"href":"https:\/\/casapauline.com\/es\/wp-json\/wp\/v2\/media?parent=1627"}],"curies":[{"name":"wp","href":"https:\/\/api.w.org\/{rel}","templated":true}]}}