{"id":1777,"date":"2018-08-06T10:14:42","date_gmt":"2018-08-06T08:14:42","guid":{"rendered":"https:\/\/casapauline.com\/habitaciones\/casa-girasol\/"},"modified":"2023-10-28T14:41:01","modified_gmt":"2023-10-28T12:41:01","slug":"casa-girasol","status":"publish","type":"page","link":"https:\/\/casapauline.com\/es\/habitaciones\/casa-girasol\/","title":{"rendered":"Casa Girasol"},"content":{"rendered":"[et_pb_section bb_built=&#8221;1&#8243; fullwidth=&#8221;on&#8221; _builder_version=&#8221;4.16&#8243; global_colors_info=&#8221;{}&#8221; next_background_color=&#8221;#000000&#8243;][et_pb_fullwidth_header _builder_version=&#8221;4.16&#8243; background_color=&#8221;rgba(255, 255, 255, 0)&#8221; background_image=&#8221;https:\/\/casapauline.com\/wp-content\/uploads\/2018\/07\/girasol-banner.jpg&#8221; background_layout=&#8221;light&#8221; custom_css_main_element=&#8221;height: 400px;&#8221; global_colors_info=&#8221;{}&#8221; button_one_text_size__hover_enabled=&#8221;off&#8221; button_two_text_size__hover_enabled=&#8221;off&#8221; button_one_text_color__hover_enabled=&#8221;off&#8221; button_two_text_color__hover_enabled=&#8221;off&#8221; button_one_border_width__hover_enabled=&#8221;off&#8221; button_two_border_width__hover_enabled=&#8221;off&#8221; button_one_border_color__hover_enabled=&#8221;off&#8221; button_two_border_color__hover_enabled=&#8221;off&#8221; button_one_border_radius__hover_enabled=&#8221;off&#8221; button_two_border_radius__hover_enabled=&#8221;off&#8221; button_one_letter_spacing__hover_enabled=&#8221;off&#8221; button_two_letter_spacing__hover_enabled=&#8221;off&#8221; button_one_bg_color__hover_enabled=&#8221;off&#8221; button_two_bg_color__hover_enabled=&#8221;off&#8221;]\n[\/et_pb_fullwidth_header][\/et_pb_section][et_pb_section bb_built=&#8221;1&#8243; _builder_version=&#8221;4.16&#8243; global_colors_info=&#8221;{}&#8221; prev_background_color=&#8221;#000000&#8243; next_background_color=&#8221;#000000&#8243;][et_pb_row _builder_version=&#8221;4.16&#8243; background_size=&#8221;initial&#8221; background_position=&#8221;top_left&#8221; background_repeat=&#8221;repeat&#8221; global_colors_info=&#8221;{}&#8221;][et_pb_column type=&#8221;4_4&#8243; _builder_version=&#8221;4.16&#8243; custom_padding=&#8221;|||&#8221; global_colors_info=&#8221;{}&#8221; custom_padding__hover=&#8221;|||&#8221;][et_pb_text admin_label=&#8221;Casa Girasol&#8221; _builder_version=&#8221;4.16&#8243; global_colors_info=&#8221;{}&#8221;]\n<h1>Casa Girasol<\/h1>\n[\/et_pb_text][\/et_pb_column][\/et_pb_row][et_pb_row make_equal=&#8221;on&#8221; _builder_version=&#8221;4.16&#8243; global_colors_info=&#8221;{}&#8221; column_structure=&#8221;1_3,2_3&#8243;][et_pb_column type=&#8221;1_3&#8243; _builder_version=&#8221;4.16&#8243; custom_padding=&#8221;|||&#8221; global_colors_info=&#8221;{}&#8221; custom_padding__hover=&#8221;|||&#8221;][et_pb_text _builder_version=&#8221;4.16&#8243; global_colors_info=&#8221;{}&#8221;]\n<p>A 50 metros de Casa Pauline y s\u00f3lo a 500 metros de la playa arenal de Platjetes est\u00e1 Casa Girasol. Casa Girasol es una casa adosada y totalemente renovada recientemente. La superficie total es 76m2 y las dos terraces de delante y atras miden 15m2 cada una.<\/p>\n<p>En la planta baja hay una cocina completa con frigor\u00edfico con congelador, placa vitro ceramica, lavavajillas y horno multifunci\u00f3n. Adem\u00e1s en la planta baja est\u00e1 el sal\u00f3n, comedor y un aseo de invitados.<\/p>\n<p>En la primera planta se encuentran dos dormitorios cada uno con dos camas. Los dormitorios disponen de su propio ba\u00f1o con ducha.<\/p>\n<p>Casa Girasol dispone de su propia plaza de parking y se puede disfrutar de la piscina comunitaria.<\/p>\n[\/et_pb_text][\/et_pb_column][et_pb_column type=&#8221;2_3&#8243; _builder_version=&#8221;4.16&#8243; custom_padding=&#8221;|||&#8221; global_colors_info=&#8221;{}&#8221; custom_padding__hover=&#8221;|||&#8221;][et_pb_code admin_label=&#8221;Code slider&#8221; _builder_version=&#8221;4.17.6&#8243; global_colors_info=&#8221;{}&#8221;]<div id=\"metaslider-id-1702\" style=\"width: 100%; margin: 0 auto;\" class=\"ml-slider-3-108-0 metaslider metaslider-nivo metaslider-1702 ml-slider ml-slider-lightbox-2-23-0 lightbox-disabled ms-theme-nivo-light\" role=\"region\" aria-label=\"Girasol\" data-height=\"500\" data-width=\"500\">\n    <div id=\"metaslider_container_1702\">\n        <div class='slider-wrapper theme-default'><div class='ribbon'><\/div><div id='metaslider_1702' class='nivoSlider'><img loading=\"lazy\" decoding=\"async\" src=\"https:\/\/casapauline.com\/wp-content\/uploads\/2018\/07\/IMG_3462-Small-479x480.jpg\" height=\"500\" width=\"500\" title=\"IMG_3462 (Small)\" alt=\"\" class=\"slider-1702 slide-1740 msDefaultImage\" \/><img loading=\"lazy\" decoding=\"async\" src=\"https:\/\/casapauline.com\/wp-content\/uploads\/2018\/07\/IMG_3469-Small-360x360.jpg\" height=\"500\" width=\"500\" title=\"IMG_3469 (Small)\" alt=\"\" class=\"slider-1702 slide-1741 msDefaultImage\" \/><img loading=\"lazy\" decoding=\"async\" src=\"https:\/\/casapauline.com\/wp-content\/uploads\/2018\/07\/IMG_3480-Small-360x360.jpg\" height=\"500\" width=\"500\" title=\"IMG_3480 (Small)\" alt=\"\" class=\"slider-1702 slide-1742 msDefaultImage\" \/><img loading=\"lazy\" decoding=\"async\" src=\"https:\/\/casapauline.com\/wp-content\/uploads\/2018\/07\/IMG_3488-Small-479x480.jpg\" height=\"500\" width=\"500\" title=\"IMG_3488 (Small)\" alt=\"\" class=\"slider-1702 slide-1743 msDefaultImage\" \/><img loading=\"lazy\" decoding=\"async\" src=\"https:\/\/casapauline.com\/wp-content\/uploads\/2018\/07\/IMG_3504-Small-479x480.jpg\" height=\"500\" width=\"500\" title=\"IMG_3504 (Small)\" alt=\"\" class=\"slider-1702 slide-1744 msDefaultImage\" \/><img loading=\"lazy\" decoding=\"async\" src=\"https:\/\/casapauline.com\/wp-content\/uploads\/2018\/07\/IMG_3508-Small-360x360.jpg\" height=\"500\" width=\"500\" title=\"IMG_3508 (Small)\" alt=\"\" class=\"slider-1702 slide-1745 msDefaultImage\" \/><img loading=\"lazy\" decoding=\"async\" src=\"https:\/\/casapauline.com\/wp-content\/uploads\/2018\/07\/IMG_3520-Small-360x360.jpg\" height=\"500\" width=\"500\" title=\"IMG_3520 (Small)\" alt=\"\" class=\"slider-1702 slide-1746 msDefaultImage\" \/><img loading=\"lazy\" decoding=\"async\" src=\"https:\/\/casapauline.com\/wp-content\/uploads\/2018\/07\/IMG_3551-Small-479x480.jpg\" height=\"500\" width=\"500\" title=\"IMG_3551 (Small)\" alt=\"\" class=\"slider-1702 slide-1747 msDefaultImage\" \/><img loading=\"lazy\" decoding=\"async\" src=\"https:\/\/casapauline.com\/wp-content\/uploads\/2018\/07\/IMG_3553-Small-479x480.jpg\" height=\"500\" width=\"500\" title=\"IMG_3553 (Small)\" alt=\"\" class=\"slider-1702 slide-1748 msDefaultImage\" \/><\/div><\/div>\n        \n    <\/div>\n<\/div>[\/et_pb_code][\/et_pb_column][\/et_pb_row][\/et_pb_section][et_pb_section bb_built=&#8221;1&#8243; _builder_version=&#8221;4.16&#8243; global_colors_info=&#8221;{}&#8221; prev_background_color=&#8221;#000000&#8243; next_background_color=&#8221;rgba(0,106,50,0.1)&#8221;][et_pb_row _builder_version=&#8221;4.16&#8243; background_size=&#8221;initial&#8221; background_position=&#8221;top_left&#8221; background_repeat=&#8221;repeat&#8221; global_colors_info=&#8221;{}&#8221;][et_pb_column type=&#8221;4_4&#8243; _builder_version=&#8221;4.16&#8243; custom_padding=&#8221;|||&#8221; global_colors_info=&#8221;{}&#8221; custom_padding__hover=&#8221;|||&#8221;][et_pb_text admin_label=&#8221;code Prijzen&#8221; _builder_version=&#8221;4.16&#8243; global_colors_info=&#8221;{}&#8221;]\n<h2 id=\"tablepress-4-name\" class=\"tablepress-table-name tablepress-table-name-id-4\">Casa Girasol<\/h2>\n\n<table id=\"tablepress-4\" class=\"tablepress tablepress-id-4 tablepress-responsive\" aria-labelledby=\"tablepress-4-name\">\n<thead>\n<tr class=\"row-1\">\n\t<th class=\"column-1\">period<\/th><th class=\"column-2\">booking<\/th><th class=\"column-3\">2 persons<\/th><th class=\"column-4\">3 persons<\/th><th class=\"column-5\">4 persons<\/th>\n<\/tr>\n<\/thead>\n<tbody class=\"row-hover\">\n<tr class=\"row-2\">\n\t<td class=\"column-1\">1\/1-12\/7 &amp; 12\/9-31\/12<\/td><td class=\"column-2\">7 days<\/td><td class=\"column-3\">\u20ac 735,00<\/td><td class=\"column-4\">\u20ac 845,00<\/td><td class=\"column-5\">\u20ac 955,00<\/td>\n<\/tr>\n<tr class=\"row-3\">\n\t<td class=\"column-1\">12\/7-12\/9<\/td><td class=\"column-2\">7 days<\/td><td class=\"column-3\">\u20ac 815,00<\/td><td class=\"column-4\">\u20ac 925,00<\/td><td class=\"column-5\">\u20ac 1.030,00<\/td>\n<\/tr>\n<\/tbody>\n<\/table>\n<!-- #tablepress-4 from cache -->\n[\/et_pb_text][\/et_pb_column][\/et_pb_row][\/et_pb_section][et_pb_section bb_built=&#8221;1&#8243; _builder_version=&#8221;4.16&#8243; background_color=&#8221;rgba(0,106,50,0.1)&#8221; global_colors_info=&#8221;{}&#8221; prev_background_color=&#8221;#ffffff&#8221;][et_pb_row _builder_version=&#8221;4.16&#8243; background_size=&#8221;initial&#8221; background_position=&#8221;top_left&#8221; background_repeat=&#8221;repeat&#8221; global_colors_info=&#8221;{}&#8221;][et_pb_column type=&#8221;4_4&#8243; _builder_version=&#8221;4.16&#8243; custom_padding=&#8221;|||&#8221; global_colors_info=&#8221;{}&#8221; custom_padding__hover=&#8221;|||&#8221;][et_pb_text admin_label=&#8221;Specificaties&#8221; _builder_version=&#8221;4.16&#8243; global_colors_info=&#8221;{}&#8221;]\n<h2>Especificaciones:<\/h2>\n[\/et_pb_text][\/et_pb_column][\/et_pb_row][et_pb_row _builder_version=&#8221;4.16&#8243; background_size=&#8221;initial&#8221; background_position=&#8221;top_left&#8221; background_repeat=&#8221;repeat&#8221; global_colors_info=&#8221;{}&#8221; column_structure=&#8221;1_4,1_4,1_4,1_4&#8243;][et_pb_column type=&#8221;1_4&#8243; _builder_version=&#8221;4.16&#8243; custom_padding=&#8221;|||&#8221; global_colors_info=&#8221;{}&#8221; custom_padding__hover=&#8221;|||&#8221;][et_pb_blurb admin_label=&#8221;personen&#8221; use_icon=&#8221;on&#8221; font_icon=&#8221;&#x34;||divi||400&#8243; icon_placement=&#8221;left&#8221; module_class=&#8221;fab fab-personen&#8221; _builder_version=&#8221;4.16&#8243; icon_font_size=&#8221;0&#8243; use_circle=&#8221;off&#8221; use_circle_border=&#8221;off&#8221; global_colors_info=&#8221;{}&#8221;]\n<p>2-4 personas<\/p>\n[\/et_pb_blurb][\/et_pb_column][et_pb_column type=&#8221;1_4&#8243; _builder_version=&#8221;4.16&#8243; custom_padding=&#8221;|||&#8221; global_colors_info=&#8221;{}&#8221; custom_padding__hover=&#8221;|||&#8221;][et_pb_blurb admin_label=&#8221;Oppervlakte&#8221; use_icon=&#8221;on&#8221; font_icon=&#8221;&#x34;||divi||400&#8243; icon_placement=&#8221;left&#8221; module_class=&#8221;fab fab-oppervlakte&#8221; _builder_version=&#8221;4.16&#8243; icon_font_size=&#8221;0&#8243; global_colors_info=&#8221;{}&#8221;]\n<p>Superficie: 76m<sup>2<\/sup><\/p>\n[\/et_pb_blurb][\/et_pb_column][et_pb_column type=&#8221;1_4&#8243; _builder_version=&#8221;4.16&#8243; custom_padding=&#8221;|||&#8221; global_colors_info=&#8221;{}&#8221; custom_padding__hover=&#8221;|||&#8221;][et_pb_blurb admin_label=&#8221;Douche en toilet&#8221; use_icon=&#8221;on&#8221; font_icon=&#8221;&#x34;||divi||400&#8243; icon_placement=&#8221;left&#8221; module_class=&#8221;fab fab-douche&#8221; _builder_version=&#8221;4.16&#8243; icon_font_size=&#8221;0&#8243; use_circle=&#8221;off&#8221; use_circle_border=&#8221;off&#8221; global_colors_info=&#8221;{}&#8221;]\n<p>Cabina de ducha e inodoro<\/p>\n[\/et_pb_blurb][\/et_pb_column][et_pb_column type=&#8221;1_4&#8243; _builder_version=&#8221;4.16&#8243; custom_padding=&#8221;|||&#8221; global_colors_info=&#8221;{}&#8221; custom_padding__hover=&#8221;|||&#8221;][et_pb_blurb admin_label=&#8221;Terras &#8221; use_icon=&#8221;on&#8221; font_icon=&#8221;&#x801;||divi||400&#8243; icon_placement=&#8221;left&#8221; _builder_version=&#8221;4.16&#8243; icon_font_size=&#8221;0&#8243; global_colors_info=&#8221;{}&#8221;]\n<p>Terraza soleada, por delante y detras<\/p>\n[\/et_pb_blurb][\/et_pb_column][\/et_pb_row][et_pb_row _builder_version=&#8221;4.16&#8243; background_size=&#8221;initial&#8221; background_position=&#8221;top_left&#8221; background_repeat=&#8221;repeat&#8221; global_colors_info=&#8221;{}&#8221; column_structure=&#8221;1_4,1_4,1_4,1_4&#8243;][et_pb_column type=&#8221;1_4&#8243; _builder_version=&#8221;4.16&#8243; custom_padding=&#8221;|||&#8221; global_colors_info=&#8221;{}&#8221; custom_padding__hover=&#8221;|||&#8221;][et_pb_blurb admin_label=&#8221;Air conditioning&#8221; use_icon=&#8221;on&#8221; font_icon=&#8221;&#x803;||divi||400&#8243; icon_placement=&#8221;left&#8221; _builder_version=&#8221;4.16&#8243; icon_font_size=&#8221;0&#8243; use_circle=&#8221;off&#8221; use_circle_border=&#8221;off&#8221; global_colors_info=&#8221;{}&#8221;]\n<p>Aire acondicionado<\/p>\n[\/et_pb_blurb][\/et_pb_column][et_pb_column type=&#8221;1_4&#8243; _builder_version=&#8221;4.16&#8243; custom_padding=&#8221;|||&#8221; global_colors_info=&#8221;{}&#8221; custom_padding__hover=&#8221;|||&#8221;][et_pb_blurb admin_label=&#8221;Verwarming&#8221; use_icon=&#8221;on&#8221; font_icon=&#8221;&#x800;||divi||400&#8243; icon_placement=&#8221;left&#8221; _builder_version=&#8221;4.16&#8243; icon_font_size=&#8221;0&#8243; use_circle=&#8221;off&#8221; use_circle_border=&#8221;off&#8221; global_colors_info=&#8221;{}&#8221;]\n<p>Calefacci\u00f3n<\/p>\n[\/et_pb_blurb][\/et_pb_column][et_pb_column type=&#8221;1_4&#8243; _builder_version=&#8221;4.16&#8243; custom_padding=&#8221;|||&#8221; global_colors_info=&#8221;{}&#8221; custom_padding__hover=&#8221;|||&#8221;][et_pb_blurb admin_label=&#8221;wifi&#8221; use_icon=&#8221;on&#8221; font_icon=&#8221;&#x34;||divi||400&#8243; icon_placement=&#8221;left&#8221; module_class=&#8221;fab fab-wifi&#8221; _builder_version=&#8221;4.16&#8243; icon_font_size=&#8221;0&#8243; use_circle=&#8221;off&#8221; use_circle_border=&#8221;off&#8221; global_colors_info=&#8221;{}&#8221;]\n<p>Internet inal\u00e1mbrico<\/p>\n[\/et_pb_blurb][\/et_pb_column][et_pb_column type=&#8221;1_4&#8243; _builder_version=&#8221;4.16&#8243; custom_padding=&#8221;|||&#8221; global_colors_info=&#8221;{}&#8221; custom_padding__hover=&#8221;|||&#8221;][et_pb_blurb admin_label=&#8221;Satelliet TV&#8221; use_icon=&#8221;on&#8221; font_icon=&#8221;&#x34;||divi||400&#8243; icon_placement=&#8221;left&#8221; module_class=&#8221;fab fab-tv&#8221; _builder_version=&#8221;4.16&#8243; icon_font_size=&#8221;0&#8243; use_circle=&#8221;off&#8221; use_circle_border=&#8221;off&#8221; global_colors_info=&#8221;{}&#8221;]\n<p>Televisi\u00f3n multimedia con<br \/>\ncanales internacionales<\/p>\n[\/et_pb_blurb][\/et_pb_column][\/et_pb_row][et_pb_row _builder_version=&#8221;4.16&#8243; background_size=&#8221;initial&#8221; background_position=&#8221;top_left&#8221; background_repeat=&#8221;repeat&#8221; global_colors_info=&#8221;{}&#8221; column_structure=&#8221;1_4,1_4,1_4,1_4&#8243;][et_pb_column type=&#8221;1_4&#8243; _builder_version=&#8221;4.16&#8243; custom_padding=&#8221;|||&#8221; global_colors_info=&#8221;{}&#8221; custom_padding__hover=&#8221;|||&#8221;][et_pb_blurb admin_label=&#8221;Kluis&#8221; use_icon=&#8221;on&#8221; font_icon=&#8221;&#x804;||divi||400&#8243; icon_placement=&#8221;left&#8221; _builder_version=&#8221;4.16&#8243; icon_font_size=&#8221;0&#8243; use_circle=&#8221;off&#8221; use_circle_border=&#8221;off&#8221; global_colors_info=&#8221;{}&#8221;]\n<p>Caja fuerte<\/p>\n[\/et_pb_blurb][\/et_pb_column][et_pb_column type=&#8221;1_4&#8243; _builder_version=&#8221;4.16&#8243; custom_padding=&#8221;|||&#8221; global_colors_info=&#8221;{}&#8221; custom_padding__hover=&#8221;|||&#8221;][et_pb_blurb admin_label=&#8221;Haardroger&#8221; use_icon=&#8221;on&#8221; font_icon=&#8221;&#x802;||divi||400&#8243; icon_placement=&#8221;left&#8221; _builder_version=&#8221;4.16&#8243; icon_font_size=&#8221;0&#8243; use_circle=&#8221;off&#8221; use_circle_border=&#8221;off&#8221; global_colors_info=&#8221;{}&#8221;]\n<p>Secador de pelo<\/p>\n[\/et_pb_blurb][\/et_pb_column][et_pb_column type=&#8221;1_4&#8243; _builder_version=&#8221;4.16&#8243; custom_padding=&#8221;|||&#8221; global_colors_info=&#8221;{}&#8221; custom_padding__hover=&#8221;|||&#8221;][et_pb_blurb admin_label=&#8221;Wasmachine&#8221; use_icon=&#8221;on&#8221; font_icon=&#8221;&#x805;||divi||400&#8243; icon_placement=&#8221;left&#8221; _builder_version=&#8221;4.16&#8243; icon_font_size=&#8221;0&#8243; global_colors_info=&#8221;{}&#8221;]\n<p>Lavadora<\/p>\n[\/et_pb_blurb][\/et_pb_column][et_pb_column type=&#8221;1_4&#8243; _builder_version=&#8221;4.16&#8243; custom_padding=&#8221;|||&#8221; global_colors_info=&#8221;{}&#8221; custom_padding__hover=&#8221;|||&#8221;][et_pb_blurb admin_label=&#8221;Geen honden toegestaan&#8221; use_icon=&#8221;on&#8221; font_icon=&#8221;%%387%%&#8221; icon_placement=&#8221;left&#8221; _builder_version=&#8221;4.23&#8243; icon_font_size=&#8221;0&#8243; global_colors_info=&#8221;{}&#8221; background_pattern_color=&#8221;rgba(0,0,0,0.2)&#8221; background_mask_color=&#8221;#ffffff&#8221; image_icon_width_tablet=&#8221;101px&#8221; box_shadow_horizontal_image_tablet=&#8221;0px&#8221; box_shadow_vertical_image_tablet=&#8221;0px&#8221; box_shadow_blur_image_tablet=&#8221;40px&#8221; box_shadow_spread_image_tablet=&#8221;0px&#8221; text_shadow_horizontal_length=&#8221;text_shadow_style,%91object Object%93&#8243; text_shadow_horizontal_length_tablet=&#8221;0px&#8221; text_shadow_vertical_length=&#8221;text_shadow_style,%91object Object%93&#8243; text_shadow_vertical_length_tablet=&#8221;0px&#8221; text_shadow_blur_strength=&#8221;text_shadow_style,%91object Object%93&#8243; text_shadow_blur_strength_tablet=&#8221;1px&#8221; header_text_shadow_horizontal_length=&#8221;header_text_shadow_style,%91object Object%93&#8243; header_text_shadow_horizontal_length_tablet=&#8221;0px&#8221; header_text_shadow_vertical_length=&#8221;header_text_shadow_style,%91object Object%93&#8243; header_text_shadow_vertical_length_tablet=&#8221;0px&#8221; header_text_shadow_blur_strength=&#8221;header_text_shadow_style,%91object Object%93&#8243; header_text_shadow_blur_strength_tablet=&#8221;1px&#8221; body_text_shadow_horizontal_length=&#8221;body_text_shadow_style,%91object Object%93&#8243; body_text_shadow_horizontal_length_tablet=&#8221;0px&#8221; body_text_shadow_vertical_length=&#8221;body_text_shadow_style,%91object Object%93&#8243; body_text_shadow_vertical_length_tablet=&#8221;0px&#8221; body_text_shadow_blur_strength=&#8221;body_text_shadow_style,%91object Object%93&#8243; body_text_shadow_blur_strength_tablet=&#8221;1px&#8221; body_link_text_shadow_horizontal_length=&#8221;body_link_text_shadow_style,%91object Object%93&#8243; body_link_text_shadow_horizontal_length_tablet=&#8221;0px&#8221; body_link_text_shadow_vertical_length=&#8221;body_link_text_shadow_style,%91object Object%93&#8243; body_link_text_shadow_vertical_length_tablet=&#8221;0px&#8221; body_link_text_shadow_blur_strength=&#8221;body_link_text_shadow_style,%91object Object%93&#8243; body_link_text_shadow_blur_strength_tablet=&#8221;1px&#8221; body_ul_text_shadow_horizontal_length=&#8221;body_ul_text_shadow_style,%91object Object%93&#8243; body_ul_text_shadow_horizontal_length_tablet=&#8221;0px&#8221; body_ul_text_shadow_vertical_length=&#8221;body_ul_text_shadow_style,%91object Object%93&#8243; body_ul_text_shadow_vertical_length_tablet=&#8221;0px&#8221; body_ul_text_shadow_blur_strength=&#8221;body_ul_text_shadow_style,%91object Object%93&#8243; body_ul_text_shadow_blur_strength_tablet=&#8221;1px&#8221; body_ol_text_shadow_horizontal_length=&#8221;body_ol_text_shadow_style,%91object Object%93&#8243; body_ol_text_shadow_horizontal_length_tablet=&#8221;0px&#8221; body_ol_text_shadow_vertical_length=&#8221;body_ol_text_shadow_style,%91object Object%93&#8243; body_ol_text_shadow_vertical_length_tablet=&#8221;0px&#8221; body_ol_text_shadow_blur_strength=&#8221;body_ol_text_shadow_style,%91object Object%93&#8243; body_ol_text_shadow_blur_strength_tablet=&#8221;1px&#8221; body_quote_text_shadow_horizontal_length=&#8221;body_quote_text_shadow_style,%91object Object%93&#8243; body_quote_text_shadow_horizontal_length_tablet=&#8221;0px&#8221; body_quote_text_shadow_vertical_length=&#8221;body_quote_text_shadow_style,%91object Object%93&#8243; body_quote_text_shadow_vertical_length_tablet=&#8221;0px&#8221; body_quote_text_shadow_blur_strength=&#8221;body_quote_text_shadow_style,%91object Object%93&#8243; body_quote_text_shadow_blur_strength_tablet=&#8221;1px&#8221; box_shadow_horizontal_tablet=&#8221;0px&#8221; box_shadow_vertical_tablet=&#8221;0px&#8221; box_shadow_blur_tablet=&#8221;40px&#8221; box_shadow_spread_tablet=&#8221;0px&#8221; vertical_offset_tablet=&#8221;0&#8243; horizontal_offset_tablet=&#8221;0&#8243; z_index_tablet=&#8221;0&#8243; font_icon_tablet=&#8221;%%387%%&#8221; font_icon_phone=&#8221;%%387%%&#8221;]\n<p>Perros no<br \/>permitido<\/p>\n[\/et_pb_blurb][\/et_pb_column][\/et_pb_row][\/et_pb_section]\n","protected":false},"excerpt":{"rendered":"<p>A 50 metros de Casa Pauline y s\u00f3lo a 500 metros de la playa arenal de Platjetes est\u00e1 Casa Girasol.<\/p>\n","protected":false},"author":1,"featured_media":0,"parent":1427,"menu_order":100,"comment_status":"closed","ping_status":"closed","template":"","meta":{"_et_pb_use_builder":"on","_et_pb_old_content":"","_et_gb_content_width":"","jetpack_post_was_ever_published":false,"footnotes":""},"class_list":["post-1777","page","type-page","status-publish","hentry"],"jetpack_shortlink":"https:\/\/wp.me\/P9zaNS-sF","jetpack_sharing_enabled":true,"_links":{"self":[{"href":"https:\/\/casapauline.com\/es\/wp-json\/wp\/v2\/pages\/1777","targetHints":{"allow":["GET"]}}],"collection":[{"href":"https:\/\/casapauline.com\/es\/wp-json\/wp\/v2\/pages"}],"about":[{"href":"https:\/\/casapauline.com\/es\/wp-json\/wp\/v2\/types\/page"}],"author":[{"embeddable":true,"href":"https:\/\/casapauline.com\/es\/wp-json\/wp\/v2\/users\/1"}],"replies":[{"embeddable":true,"href":"https:\/\/casapauline.com\/es\/wp-json\/wp\/v2\/comments?post=1777"}],"version-history":[{"count":9,"href":"https:\/\/casapauline.com\/es\/wp-json\/wp\/v2\/pages\/1777\/revisions"}],"predecessor-version":[{"id":2189,"href":"https:\/\/casapauline.com\/es\/wp-json\/wp\/v2\/pages\/1777\/revisions\/2189"}],"up":[{"embeddable":true,"href":"https:\/\/casapauline.com\/es\/wp-json\/wp\/v2\/pages\/1427"}],"wp:attachment":[{"href":"https:\/\/casapauline.com\/es\/wp-json\/wp\/v2\/media?parent=1777"}],"curies":[{"name":"wp","href":"https:\/\/api.w.org\/{rel}","templated":true}]}}